{"id":7138,"date":"2017-08-22T17:27:48","date_gmt":"2017-08-22T16:27:48","guid":{"rendered":"http:\/\/artsetculture.fr\/?page_id=7138"},"modified":"2024-06-08T10:23:36","modified_gmt":"2024-06-08T09:23:36","slug":"inscriptions-2","status":"publish","type":"page","link":"https:\/\/artsetculture.fr\/index.php\/inscriptions-2\/","title":{"rendered":"Inscriptions"},"content":{"rendered":"<p><span style=\"color: #ff0000;\"><em><strong class=\"alignnone\">Pour r\u00e9server votre visite<\/strong><strong class=\"alignnone\">:\u00a0\u00a0cliquez sur le titre de la visite\u00a0 puis remplissez<\/strong> <strong class=\"alignnone\">la demande d&rsquo;inscription.\u00a0<span style=\"color: #ffffff;\">\u00a0_<\/span><\/strong><\/em><\/span><span style=\"color: #333333;\">\u00a0 <\/span><\/p>\n<h3><span style=\"color: #800000;\">Visites &#8211; expositions<\/span><\/h3>\n<p><span style=\"color: #333333;\"><h2>mai 2026<\/h2><div class=\"qem \"><div class=\"qem-icon\"><div class=\"qem-calendar-small\" style=\"margin:0 6px 8px 0;\"><span class=\"day\" >26<\/span><span class=\"nonday\" ><span class=\"month\"><b><em>Mai<\/em><\/b><\/span><span class=\"year\">2026<\/span><\/span><\/div><\/div><div class=\"qem-small\"><div class=\"qemlistright\">\r\n<a href=\"https:\/\/artsetculture.fr\/index.php\/event\/brancusi-2-3-3-3-2\/\"><img decoding=\"async\" class=\"qem-list-image\" src=\"http:\/\/artsetculture.fr\/wp-content\/uploads\/2026\/01\/Matisse-260128.jpg\"><\/a><br>\r\n<\/div>\r\n<h2 class=\"qem_title\"><a href=\"https:\/\/artsetculture.fr\/index.php\/event\/brancusi-2-3-3-3-2\/\">MATISSE<\/a><\/h2><p class=\"desc\" style=\"font-weight: bold; font-style: italic; font-size: 100%; \" > <\/p><p class=\"location\" style=\"font-weight: bold; font-style: italic; color: #dd3333; font-size: 90%; \" >Grand Palais<\/p><p class=\"organisation\" style=\"font-weight: bold; color: #021ed6; font-size: 100%; \" >Fran\u00e7oise Gagliano<\/p><div style=\"clear:both\"><\/div><\/div><\/div>\r\n\u00a0 \u00a0 \u00a0<\/span><\/p>\n<h3><span style=\"color: #800000;\">Patrimoine local<\/span><\/h3>\n<h2><\/h2>\n<p><span style=\"color: #333333;\">\u00a0<\/span><span style=\"color: #ff0000;\"><strong><em><span class=\"alignnone\"><span style=\"color: #ffffff;\"><em class=\"alignnone\"><a href=\"http:\/\/artsetculture.fr\/wp-content\/uploads\/2020\/08\/Visites-Gagliano-2020-sept-novembre-2-mise-jour-infos.pdf\"><span class=\"alignnone\" style=\"color: #ff0000;\">Le programme des prochaines visites\u00a0\u00a0<\/span><\/a><\/em><\/span><span style=\"color: #ff0000;\"><strong><em><span class=\"alignnone\">vous sera communiqu\u00e9 ult\u00e9rieurement.<\/span><\/em><\/strong><\/span><\/span><\/em><\/strong><\/span><\/p>\n<p style=\"text-align: justify;\"><span style=\"color: #0000ff;\"><strong><u>Recommandation importante<\/u>:\u00a0 <span style=\"color: #ffffff;\">_________________________________\u00a0<\/span> \u00a0 <\/strong><strong><em>Nous demandons aux adh\u00e9rents\u00a0qui s&rsquo;inscrivent\u00a0aux visites de bien vouloir nous pr\u00e9venir s&rsquo;ils ne peuvent pas venir\u00a0( site, tel, S M S, mail )\u00a0 afin que d&rsquo;autres adh\u00e9rents\u00a0sur liste d\u2019attente puissent participer.<span style=\"color: #ffffff;\"> ____\u00a0<\/span> <\/em><\/strong><strong><em>Il_arrive encore trop souvent qu\u2019au d\u00e9part du car, nous constations que le nombre de personnes autoris\u00e9es par les mus\u00e9es n&rsquo;est pas atteint alors qu&rsquo;il reste en liste d&rsquo;attente, des adh\u00e9rents int\u00e9ress\u00e9s que nous n&rsquo;avons pas pu\u00a0alerter faute d\u2019information. <span style=\"color: #ffffff;\">\u00a0______________________________\u00a0 \u00a0 \u00a0 \u00a0<\/span> <\/em><\/strong><em><strong>Merci\u00a0de votre compr\u00e9hension.<\/strong><\/em><\/span><\/p>\n<p><img loading=\"lazy\" decoding=\"async\" class=\"wp-image-6539 aligncenter\" src=\"http:\/\/artsetculture.fr\/wp-content\/uploads\/2016\/02\/Visites-ENC3-1-300x118.png\" alt=\"Visites-ENC3\" width=\"548\" height=\"215\" srcset=\"https:\/\/artsetculture.fr\/wp-content\/uploads\/2016\/02\/Visites-ENC3-1-300x118.png 300w, https:\/\/artsetculture.fr\/wp-content\/uploads\/2016\/02\/Visites-ENC3-1-768x301.png 768w, https:\/\/artsetculture.fr\/wp-content\/uploads\/2016\/02\/Visites-ENC3-1-1024x402.png 1024w, https:\/\/artsetculture.fr\/wp-content\/uploads\/2016\/02\/Visites-ENC3-1.png 1129w\" sizes=\"auto, (max-width: 548px) 100vw, 548px\" \/><\/p>\n<p><span style=\"color: #ffffff;\">______________________________________________________________\u00a0\u00a0<\/span><\/p>\n<h3><\/h3>\n<h3><span style=\"color: #993300;\">F\u00eate<\/span><\/h3>\n<h2><\/h2>\n<h3><span style=\"color: #993300;\">Sortie culturelle<\/span><\/h3>\n<h2><\/h2>\n<p><span style=\"color: #ffffff;\">_____________________________________________________<\/span><\/p>\n<p style=\"text-align: left;\"><em><strong>\u00a0 \u00a0 \u00a0 \u00a0 \u00a0 \u00a0 \u00a0 \u00a0 \u00a0 \u00a0 \u00a0 \u00a0 \u00a0 \u00a0 \u00a0 \u00a0 \u00a0 \u00a0 \u00a0 \u00a0 \u00a0<a href=\"http:\/\/artsetculture.fr\/\">Actualit\u00e9s \u00ab\u00a0En ce moment\u00a0\u00bb<\/a><\/strong><\/em><\/p>\n<p><em><strong>\u00a0 \u00a0 \u00a0 \u00a0 \u00a0\u00a0<a href=\"http:\/\/artsetculture.fr\/index.php\/infos-pratiques-2\/conditions\/\">\u00a0Informations pratiques<\/a>\u00a0\u00a0 \u00a0 \u00a0 \u00a0 \u00a0 \u00a0 \u00a0\u00a0<a href=\"http:\/\/artsetculture.fr\/index.php\/infos-pratiques\/adhesion\/\">Adh\u00e9sion \u00e0 Arts &amp; Culture<\/a><\/strong><\/em><\/p>\n<h4>\u00a0 \u00a0 \u00a0 \u00a0 \u00a0 \u00a0 \u00a0 \u00a0 \u00a0 \u00a0 \u00a0 \u00a0 \u00a0 \u00a0 \u00a0<em><a href=\"mailto:contact@artsetculture.fr\">contact@artsetculture.fr<\/a><\/em><\/h4>\n<h4><strong><a href=\"http:\/\/artsetculture.fr\/index.php\/inscriptions-2\/\">__________________________________________________\u00a0\u21d1<\/a><\/strong><\/h4>\n","protected":false},"excerpt":{"rendered":"<p>Pour r\u00e9server votre visite:\u00a0\u00a0cliquez sur le titre de la visite\u00a0 puis remplissez la demande d&rsquo;inscription.\u00a0\u00a0_\u00a0 Visites &#8211; expositions \u00a0 \u00a0 \u00a0 Patrimoine local \u00a0Le programme des prochaines visites\u00a0\u00a0vous sera communiqu\u00e9 ult\u00e9rieurement. Recommandation importante:\u00a0 _________________________________\u00a0 \u00a0 Nous demandons aux adh\u00e9rents\u00a0qui s&rsquo;inscrivent\u00a0aux visites de bien vouloir nous pr\u00e9venir s&rsquo;ils ne peuvent pas venir\u00a0( site, tel, S M &hellip; <a href=\"https:\/\/artsetculture.fr\/index.php\/event\/brancusi-2-3-3-3-2\/\" class=\"more-link\">Continuer la lecture de <span class=\"screen-reader-text\">MATISSE<\/span>  <span class=\"meta-nav\">&rarr;<\/span><\/a><\/p>\n","protected":false},"author":1,"featured_media":0,"parent":0,"menu_order":5,"comment_status":"closed","ping_status":"closed","template":"","meta":{"footnotes":""},"class_list":["post-7138","page","type-page","status-publish","hentry"],"_links":{"self":[{"href":"https:\/\/artsetculture.fr\/index.php\/wp-json\/wp\/v2\/pages\/7138","targetHints":{"allow":["GET"]}}],"collection":[{"href":"https:\/\/artsetculture.fr\/index.php\/wp-json\/wp\/v2\/pages"}],"about":[{"href":"https:\/\/artsetculture.fr\/index.php\/wp-json\/wp\/v2\/types\/page"}],"author":[{"embeddable":true,"href":"https:\/\/artsetculture.fr\/index.php\/wp-json\/wp\/v2\/users\/1"}],"replies":[{"embeddable":true,"href":"https:\/\/artsetculture.fr\/index.php\/wp-json\/wp\/v2\/comments?post=7138"}],"version-history":[{"count":92,"href":"https:\/\/artsetculture.fr\/index.php\/wp-json\/wp\/v2\/pages\/7138\/revisions"}],"predecessor-version":[{"id":13164,"href":"https:\/\/artsetculture.fr\/index.php\/wp-json\/wp\/v2\/pages\/7138\/revisions\/13164"}],"wp:attachment":[{"href":"https:\/\/artsetculture.fr\/index.php\/wp-json\/wp\/v2\/media?parent=7138"}],"curies":[{"name":"wp","href":"https:\/\/api.w.org\/{rel}","templated":true}]}}