{"id":4461,"date":"2016-08-11T18:52:41","date_gmt":"2016-08-11T17:52:41","guid":{"rendered":"http:\/\/artsetculture.fr\/?page_id=4461"},"modified":"2023-03-19T13:40:23","modified_gmt":"2023-03-19T12:40:23","slug":"patrimoine-local-passe","status":"publish","type":"page","link":"https:\/\/artsetculture.fr\/index.php\/activites1\/patrimoine-local-2\/patrimoine-local-passe\/","title":{"rendered":"Patrimoine local pass\u00e9"},"content":{"rendered":"<h2>septembre 2025<\/h2><div class=\"qem \"><div class=\"qem-icon\"><div class=\"qem-calendar-small\" style=\"margin:0 6px 8px 0;\"><span class=\"day\" >12<\/span><span class=\"nonday\" ><span class=\"month\"><b><em>Sep<\/em><\/b><\/span><span class=\"year\">2025<\/span><\/span><\/div><\/div><div class=\"qem-small\"><div class=\"qemlistright\">\r\n<a href=\"https:\/\/artsetculture.fr\/index.php\/event\/claire-illouz-les-abords-du-paysage-2-2\/\"><img decoding=\"async\" class=\"qem-list-image\" src=\"http:\/\/artsetculture.fr\/wp-content\/uploads\/2025\/07\/Ames-animales-250604-musee-Daubigny-.jpg\"><\/a><br>\r\n<\/div>\r\n<h2 class=\"qem_title\"><a href=\"https:\/\/artsetculture.fr\/index.php\/event\/claire-illouz-les-abords-du-paysage-2-2\/\">AMES ANIMALES - MUSEE DAUBIGNY<\/a><\/h2><p class=\"desc\" style=\"font-weight: bold; font-style: italic; font-size: 100%; \" >Un bestiaire exceptionnel et magique<\/p><p class=\"location\" style=\"font-weight: bold; font-style: italic; color: #dd3333; font-size: 90%; \" >Mus\u00e9e Daubigny <\/p><p class=\"organisation\" style=\"font-weight: bold; color: #021ed6; font-size: 100%; \" >Arts &amp; Culture<\/p><div style=\"clear:both\"><\/div><\/div><\/div>\r\n<h2>septembre 2022<\/h2><div class=\"qem \"><div class=\"qem-icon\"><div class=\"qem-calendar-small\" style=\"margin:0 6px 8px 0;\"><span class=\"day\" >15<\/span><span class=\"nonday\" ><span class=\"month\"><b><em>Sep<\/em><\/b><\/span><span class=\"year\">2022<\/span><\/span><\/div><\/div><div class=\"qem-small\"><div class=\"qemlistright\">\r\n<a href=\"https:\/\/artsetculture.fr\/index.php\/event\/claire-illouz-les-abords-du-paysage-2\/\"><img decoding=\"async\" class=\"qem-list-image\" src=\"http:\/\/artsetculture.fr\/wp-content\/uploads\/2022\/08\/talus-de-mars-iv-encre-et-aquarelle-sur-papier-94-x-995-cm-2019_46553071344_o.jpg\"><\/a><br>\r\n<\/div>\r\n<h2 class=\"qem_title\"><a href=\"https:\/\/artsetculture.fr\/index.php\/event\/claire-illouz-les-abords-du-paysage-2\/\">Claire Illouz - Les abords du paysage<\/a><\/h2><p class=\"desc\" style=\"font-weight: bold; font-style: italic; font-size: 100%; \" >Peindre les paysages oubli\u00e9s<\/p><p class=\"location\" style=\"font-weight: bold; font-style: italic; color: #dd3333; font-size: 90%; \" >Mus\u00e9e Senlecq<\/p><p class=\"organisation\" style=\"font-weight: bold; color: #021ed6; font-size: 100%; \" >Arts & Culture<\/p><div style=\"clear:both\"><\/div><\/div><\/div>\r\n<h2>octobre 2021<\/h2><div class=\"qem \"><div class=\"qem-icon\"><div class=\"qem-calendar-small\" style=\"margin:0 6px 8px 0;\"><span class=\"day\" >01<\/span><span class=\"nonday\" ><span class=\"month\"><b><em>Oct<\/em><\/b><\/span><span class=\"year\">2021<\/span><\/span><\/div><\/div><div class=\"qem-small\"><div class=\"qemlistright\">\r\n<a href=\"https:\/\/artsetculture.fr\/index.php\/event\/exposition-pierre-gatier-b\/\"><img decoding=\"async\" class=\"qem-list-image\" src=\"http:\/\/artsetculture.fr\/wp-content\/uploads\/2021\/08\/Gatier-P-CAWEB.jpg\"><\/a><br>\r\n<\/div>\r\n<h2 class=\"qem_title\"><a href=\"https:\/\/artsetculture.fr\/index.php\/event\/exposition-pierre-gatier-b\/\">Exposition Pierre Gatier -B<\/a><\/h2><p class=\"desc\" style=\"font-weight: bold; font-style: italic; font-size: 100%; \" >De l'\u00e9l\u00e9gance parisienne aux rives de l'Oise<\/p><p class=\"location\" style=\"font-weight: bold; font-style: italic; color: #dd3333; font-size: 90%; \" >Groupe B<\/p><p class=\"organisation\" style=\"font-weight: bold; color: #021ed6; font-size: 100%; \" >Mus\u00e9e senlecq<\/p><div style=\"clear:both\"><\/div><\/div><\/div>\r\n<h2>septembre 2021<\/h2><div class=\"qem \"><div class=\"qem-icon\"><div class=\"qem-calendar-small\" style=\"margin:0 6px 8px 0;\"><span class=\"day\" >17<\/span><span class=\"nonday\" ><span class=\"month\"><b><em>Sep<\/em><\/b><\/span><span class=\"year\">2021<\/span><\/span><\/div><\/div><div class=\"qem-small\"><div class=\"qemlistright\">\r\n<a href=\"https:\/\/artsetculture.fr\/index.php\/event\/exposition-pierre-gatier-a\/\"><img decoding=\"async\" class=\"qem-list-image\" src=\"http:\/\/artsetculture.fr\/wp-content\/uploads\/2021\/08\/Gatier-P-CAWEB.jpg\"><\/a><br>\r\n<\/div>\r\n<h2 class=\"qem_title\"><a href=\"https:\/\/artsetculture.fr\/index.php\/event\/exposition-pierre-gatier-a\/\">Exposition Pierre Gatier -A<\/a><\/h2><p class=\"desc\" style=\"font-weight: bold; font-style: italic; font-size: 100%; \" >De l'\u00e9l\u00e9gance parisienne aux rives de l'Oise<\/p><p class=\"location\" style=\"font-weight: bold; font-style: italic; color: #dd3333; font-size: 90%; \" >Groupe A<\/p><p class=\"organisation\" style=\"font-weight: bold; color: #021ed6; font-size: 100%; \" >Mus\u00e9e senlecq<\/p><div style=\"clear:both\"><\/div><\/div><\/div>\r\n<h2>septembre 2019<\/h2><div class=\"qem \"><div class=\"qem-icon\"><div class=\"qem-calendar-small\" style=\"margin:0 6px 8px 0;\"><span class=\"day\" >13<\/span><span class=\"nonday\" ><span class=\"month\"><b><em>Sep<\/em><\/b><\/span><span class=\"year\">2019<\/span><\/span><\/div><\/div><div class=\"qem-small\"><div class=\"qemlistright\">\r\n<a href=\"https:\/\/artsetculture.fr\/index.php\/event\/jacques-henri-lartigue\/\"><img decoding=\"async\" class=\"qem-list-image\" src=\"http:\/\/artsetculture.fr\/wp-content\/uploads\/2019\/08\/Carven48-Lartigue-CA.jpg\"><\/a><br>\r\n<\/div>\r\n<h2 class=\"qem_title\"><a href=\"https:\/\/artsetculture.fr\/index.php\/event\/jacques-henri-lartigue\/\">Jacques-Henri Lartigue<\/a><\/h2><p class=\"desc\" style=\"font-weight: bold; font-style: italic; font-size: 100%; \" >Fantaisies, d\u00e9cors et haute couture<\/p><p class=\"location\" style=\"font-weight: bold; font-style: italic; color: #dd3333; font-size: 90%; \" >Mus\u00e9e Senlecq - L'Isle-Adam<\/p><div style=\"clear:both\"><\/div><\/div><\/div>\r\n<h2>janvier 2019<\/h2><div class=\"qem \"><div class=\"qem-icon\"><div class=\"qem-calendar-small\" style=\"margin:0 6px 8px 0;\"><span class=\"day\" >15<\/span><span class=\"nonday\" ><span class=\"month\"><b><em>Jan<\/em><\/b><\/span><span class=\"year\">2019<\/span><\/span><\/div><\/div><div class=\"qem-small\"><div class=\"qemlistright\">\r\n<a href=\"https:\/\/artsetculture.fr\/index.php\/event\/mathurin-meheut\/\"><img decoding=\"async\" class=\"qem-list-image\" src=\"http:\/\/artsetculture.fr\/wp-content\/uploads\/2018\/11\/Meheut-1.jpg\"><\/a><br>\r\n<\/div>\r\n<h2 class=\"qem_title\"><a href=\"https:\/\/artsetculture.fr\/index.php\/event\/mathurin-meheut\/\">Mathurin M\u00e9heut<\/a><\/h2><p class=\"desc\" style=\"font-weight: bold; font-style: italic; font-size: 100%; \" >Peintre de la Grande Guerre<\/p><p class=\"location\" style=\"font-weight: bold; font-style: italic; color: #dd3333; font-size: 90%; \" >Mus\u00e9e d'Aubigny - Auvers\/Oise<\/p><div style=\"clear:both\"><\/div><\/div><\/div>\r\n<h2>septembre 2018<\/h2><div class=\"qem \"><div class=\"qem-icon\"><div class=\"qem-calendar-small\" style=\"margin:0 6px 8px 0;\"><span class=\"day\" >14<\/span><span class=\"nonday\" ><span class=\"month\"><b><em>Sep<\/em><\/b><\/span><span class=\"year\">2018<\/span><\/span><\/div><\/div><div class=\"qem-small\"><div class=\"qemlistright\">\r\n<a href=\"https:\/\/artsetculture.fr\/index.php\/event\/sur-le-motif-a-b\/\"><img decoding=\"async\" class=\"qem-list-image\" src=\"http:\/\/artsetculture.fr\/wp-content\/uploads\/2018\/06\/sur-le-motif-800x0-CARWEB.jpg\"><\/a><br>\r\n<\/div>\r\n<h2 class=\"qem_title\"><a href=\"https:\/\/artsetculture.fr\/index.php\/event\/sur-le-motif-a-b\/\">Sur le motif  A-B<\/a><\/h2><p class=\"desc\" style=\"font-weight: bold; font-style: italic; font-size: 100%; \" >Delphine D. Garcia, Chiara Gaggiotti, Virginie Lisbell, Corinne Pauvert<\/p><p class=\"location\" style=\"font-weight: bold; font-style: italic; color: #dd3333; font-size: 90%; \" >Mus\u00e9e Selencq<\/p><div style=\"clear:both\"><\/div><\/div><\/div>\r\n<h2>septembre 2017<\/h2><div class=\"qem \"><div class=\"qem-icon\"><div class=\"qem-calendar-small\" style=\"margin:0 6px 8px 0;\"><span class=\"day\" >13<\/span><span class=\"nonday\" ><span class=\"month\"><b><em>Sep<\/em><\/b><\/span><span class=\"year\">2017<\/span><\/span><\/div><\/div><div class=\"qem-small\"><div class=\"qemlistright\">\r\n<a href=\"https:\/\/artsetculture.fr\/index.php\/event\/olivier-verley-a-b\/\"><img decoding=\"async\" class=\"qem-list-image\" src=\"http:\/\/artsetculture.fr\/wp-content\/uploads\/2017\/08\/01-Vexin-environs-CA-WEB.jpg\"><\/a><br>\r\n<\/div>\r\n<h2 class=\"qem_title\"><a href=\"https:\/\/artsetculture.fr\/index.php\/event\/olivier-verley-a-b\/\">Olivier Verley  A-B<\/a><\/h2><p class=\"desc\" style=\"font-weight: bold; font-style: italic; font-size: 100%; \" >Dans le sens du paysage<\/p><p class=\"location\" style=\"font-weight: bold; font-style: italic; color: #dd3333; font-size: 90%; \" >Mus\u00e9e Selencq<\/p><div style=\"clear:both\"><\/div><\/div><\/div>\r\n<h2>septembre 2016<\/h2><div class=\"qem \"><div class=\"qem-icon\"><div class=\"qem-calendar-small\" style=\"margin:0 6px 8px 0;\"><span class=\"day\" >23<\/span><span class=\"nonday\" ><span class=\"month\"><b><em>Sep<\/em><\/b><\/span><span class=\"year\">2016<\/span><\/span><\/div><\/div><div class=\"qem-small\"><div class=\"qemlistright\">\r\n<a href=\"https:\/\/artsetculture.fr\/index.php\/event\/claude-viseux\/\"><img decoding=\"async\" class=\"qem-list-image\" src=\"http:\/\/artsetculture.fr\/wp-content\/uploads\/2016\/07\/Claude-Viseux-texte_hight.jpg\"><\/a><br>\r\n<\/div>\r\n<h2 class=\"qem_title\"><a href=\"https:\/\/artsetculture.fr\/index.php\/event\/claude-viseux\/\">Claude Viseux<\/a><\/h2><p class=\"desc\" style=\"font-weight: bold; font-style: italic; font-size: 100%; \" >La r\u00e9alit\u00e9 transform\u00e9e<\/p><p class=\"organisation\" style=\"font-weight: bold; color: #021ed6; font-size: 100%; \" >Mus\u00e9e Senlecq - L'Isle-Adam<\/p><div style=\"clear:both\"><\/div><\/div><\/div>\r\n<h2>f\u00e9vrier 2016<\/h2><div class=\"qem \"><div class=\"qem-icon\"><div class=\"qem-calendar-small\" style=\"margin:0 6px 8px 0;\"><span class=\"day\" >02<\/span><span class=\"nonday\" ><span class=\"month\"><b><em>F\u00e9v<\/em><\/b><\/span><span class=\"year\">2016<\/span><\/span><\/div><\/div><div class=\"qem-small\"><div class=\"qemlistright\">\r\n<a href=\"https:\/\/artsetculture.fr\/index.php\/event\/musee-daubigny\/\"><img decoding=\"async\" class=\"qem-list-image\" src=\"http:\/\/artsetculture.fr\/wp-content\/uploads\/2016\/01\/Jannin-WEB.jpg\"><\/a><br>\r\n<\/div>\r\n<h2 class=\"qem_title\"><a href=\"https:\/\/artsetculture.fr\/index.php\/event\/musee-daubigny\/\">Mus\u00e9e d'Aubigny<\/a><\/h2><p class=\"desc\" style=\"font-weight: bold; font-style: italic; font-size: 100%; \" >Les graveurs de l'imaginaire<\/p><p class=\"location\" style=\"font-weight: bold; font-style: italic; color: #dd3333; font-size: 90%; \" >Auvers sur Oise<\/p><div style=\"clear:both\"><\/div><\/div><\/div>\r\n\n","protected":false},"excerpt":{"rendered":"","protected":false},"author":1,"featured_media":0,"parent":11799,"menu_order":1,"comment_status":"closed","ping_status":"closed","template":"","meta":{"footnotes":""},"class_list":["post-4461","page","type-page","status-publish","hentry"],"_links":{"self":[{"href":"https:\/\/artsetculture.fr\/index.php\/wp-json\/wp\/v2\/pages\/4461","targetHints":{"allow":["GET"]}}],"collection":[{"href":"https:\/\/artsetculture.fr\/index.php\/wp-json\/wp\/v2\/pages"}],"about":[{"href":"https:\/\/artsetculture.fr\/index.php\/wp-json\/wp\/v2\/types\/page"}],"author":[{"embeddable":true,"href":"https:\/\/artsetculture.fr\/index.php\/wp-json\/wp\/v2\/users\/1"}],"replies":[{"embeddable":true,"href":"https:\/\/artsetculture.fr\/index.php\/wp-json\/wp\/v2\/comments?post=4461"}],"version-history":[{"count":13,"href":"https:\/\/artsetculture.fr\/index.php\/wp-json\/wp\/v2\/pages\/4461\/revisions"}],"predecessor-version":[{"id":12589,"href":"https:\/\/artsetculture.fr\/index.php\/wp-json\/wp\/v2\/pages\/4461\/revisions\/12589"}],"up":[{"embeddable":true,"href":"https:\/\/artsetculture.fr\/index.php\/wp-json\/wp\/v2\/pages\/11799"}],"wp:attachment":[{"href":"https:\/\/artsetculture.fr\/index.php\/wp-json\/wp\/v2\/media?parent=4461"}],"curies":[{"name":"wp","href":"https:\/\/api.w.org\/{rel}","templated":true}]}}