{"id":36,"date":"2016-01-27T17:40:52","date_gmt":"2016-01-27T16:40:52","guid":{"rendered":"http:\/\/artsetculture.fr\/?page_id=36"},"modified":"2025-07-27T16:31:57","modified_gmt":"2025-07-27T15:31:57","slug":"conditions","status":"publish","type":"page","link":"https:\/\/artsetculture.fr\/index.php\/infos-pratiques\/conditions\/","title":{"rendered":"Infos pratiques"},"content":{"rendered":"<h3><span style=\"color: #0000ff;\"><span style=\"color: #800000;\">Conf\u00e9rences et visites\/expositions<\/span> <span style=\"color: #ffffff;\">\u00a0__<\/span><\/span><\/h3>\n<h3><span style=\"color: #0000ff;\"><span style=\"color: #ffffff;\">__________________________<\/span>\u00a0<img loading=\"lazy\" decoding=\"async\" class=\"wp-image-3400 aligncenter\" src=\"http:\/\/artsetculture.fr\/wp-content\/uploads\/2016\/01\/information-C2-239x300.jpg\" alt=\"information-C2\" width=\"64\" height=\"80\" srcset=\"https:\/\/artsetculture.fr\/wp-content\/uploads\/2016\/01\/information-C2-239x300.jpg 239w, https:\/\/artsetculture.fr\/wp-content\/uploads\/2016\/01\/information-C2.jpg 441w\" sizes=\"auto, (max-width: 64px) 100vw, 64px\" \/><\/span><\/h3>\n<p style=\"text-align: center;\"><span style=\"text-decoration: underline;\"><strong>Dates<\/strong><\/span> :<br \/>\nLe jeudi matin, de 9h30 \u00e0 11h, de septembre \u00e0 avril, hors vacances\u00a0 scolaires<br \/>\n<strong><span style=\"text-decoration: underline;\">Lieu<\/span><\/strong> :<br \/>\nMaison de l&rsquo;Amiti\u00e9 (Derri\u00e8re la biblioth\u00e8que municipale)<br \/>\n44 avenue de Paris \u00e0 L&rsquo;Isle-Adam &#8211; Parking apr\u00e8s la station \u00abTotal\u00bb<\/p>\n<p><strong><span style=\"text-decoration: underline;\">Tarif des conf\u00e9rences <\/span><\/strong>:<br \/>\nAdh\u00e9sion annuelle : &#8211; Individuelle : 17\u20ac &#8211; Couple : 28\u20ac<br \/>\nTickets : \u00e0 l&rsquo;unit\u00e9 : 10 \u20ac \/ carnet de 5 : 40 \u20ac \/ de 10 : 75 \u20ac<br \/>\nUne conf\u00e9rence = 1 ticket<br \/>\nLes tickets sont uniquement valables pour toutes les conf\u00e9rences de la saison en cours.<\/p>\n<p style=\"text-align: left;\"><strong><span style=\"text-decoration: underline;\">Abonnement des visites <\/span><\/strong>:<br \/>\nAbonnement aux 7 visites de la saison \u00a0: 235\u20ac<br \/>\n\u00c0 l&rsquo;unit\u00e9 avec car &amp; conf\u00e9renci\u00e8re : 40\u20ac<br \/>\n\u00c0 l&rsquo;unit\u00e9 avec conf\u00e9renci\u00e8re : 28\u20ac<br \/>\nBillet d&rsquo;entr\u00e9e au mus\u00e9e non inclus.<\/p>\n<p><strong><span style=\"color: #0000ff;\"><img loading=\"lazy\" decoding=\"async\" class=\"aligncenter wp-image-1034\" src=\"http:\/\/artsetculture.fr\/wp-content\/uploads\/2016\/02\/MaisonAmiti\u00e9.jpg\" alt=\"MaisonAmiti\u00e9\" width=\"200\" height=\"132\" \/><\/span><\/strong><\/p>\n<h4><span style=\"color: #800000;\"><strong>Visites-conf\u00e9r<\/strong><strong>ences<\/strong><\/span><\/h4>\n<p><strong><img loading=\"lazy\" decoding=\"async\" class=\"alignright wp-image-9388\" src=\"http:\/\/artsetculture.fr\/wp-content\/uploads\/2016\/01\/2019-01-14_La_Scene_adamoise_IMG_161116-1024x768-300x223.jpg\" alt=\"2019-01-14_La_Scene_adamoise_IMG_161116-1024x768\" width=\"200\" height=\"149\" srcset=\"https:\/\/artsetculture.fr\/wp-content\/uploads\/2016\/01\/2019-01-14_La_Scene_adamoise_IMG_161116-1024x768-300x223.jpg 300w, https:\/\/artsetculture.fr\/wp-content\/uploads\/2016\/01\/2019-01-14_La_Scene_adamoise_IMG_161116-1024x768.jpg 589w\" sizes=\"auto, (max-width: 200px) 100vw, 200px\" \/>D\u00e9part\u00a0 et\u00a0 retour\u00a0 des\u00a0 cars<\/strong> :<\/p>\n<p>La Sc\u00e8ne Adamoise\u00a0 \u00a0<span style=\"color: #ffffff;\">________________<br \/>\n<\/span>Parc Manchez &#8211; rue de l&rsquo;abb\u00e9 Breuil<br \/>\n<strong>Horaires:<\/strong> fix\u00e9s selon les visites.<\/p>\n<p><strong>\u00a0<\/strong><\/p>\n<h3 style=\"text-align: center;\"><strong><span style=\"color: #0000ff;\">Plan<\/span><\/strong><strong><span style=\"color: #0000ff;\"><a href=\"http:\/\/artsetculture.fr\/wp-content\/uploads\/2016\/01\/Plan-IsleAdam-Fl\u00e9ch\u00e93.pdf\"><img loading=\"lazy\" decoding=\"async\" class=\"aligncenter wp-image-9385 size-large\" src=\"http:\/\/artsetculture.fr\/wp-content\/uploads\/2016\/01\/Plan-IsleAdam-Fl\u00e9ch\u00e93-1024x920.jpg\" width=\"474\" height=\"426\" srcset=\"https:\/\/artsetculture.fr\/wp-content\/uploads\/2016\/01\/Plan-IsleAdam-Fl\u00e9ch\u00e93-1024x920.jpg 1024w, https:\/\/artsetculture.fr\/wp-content\/uploads\/2016\/01\/Plan-IsleAdam-Fl\u00e9ch\u00e93-300x270.jpg 300w, https:\/\/artsetculture.fr\/wp-content\/uploads\/2016\/01\/Plan-IsleAdam-Fl\u00e9ch\u00e93-768x690.jpg 768w, https:\/\/artsetculture.fr\/wp-content\/uploads\/2016\/01\/Plan-IsleAdam-Fl\u00e9ch\u00e93.jpg 1402w\" sizes=\"auto, (max-width: 474px) 100vw, 474px\" \/><\/a><\/span><\/strong><\/h3>\n<p style=\"text-align: center;\"><strong><span style=\"color: #ff0000;\"><em>\u00a0Cliquez sur le plan pour l&rsquo;imprimer<\/em><\/span><\/strong><\/p>\n<h4><span style=\"color: #0000ff;\"><strong><em>\u00a0 \u00a0 \u00a0 \u00a0 \u00a0 \u00a006 84 47 69 64 \u00a0 \u00a0 \u00a0 \u00a0 \u00a0 \u00a0 \u00a0<a href=\"mailto:contact@artsetculture.fr\">contact@artsetculture.fr<\/a><\/em><\/strong><\/span><\/h4>\n<p><em><strong>\u00a0 \u00a0 \u00a0 \u00a0 \u00a0 \u00a0 \u00a0 \u00a0 \u00a0 \u00a0 \u00a0 \u00a0 \u00a0\u00a0<a href=\"http:\/\/artsetculture.fr\/index.php\/infos-pratiques\/adhesion\/\">Adh\u00e9sions<\/a><a href=\"http:\/\/artsetculture.fr\/\">\u00a0<\/a>\u00a0 \u00a0 \u00a0 \u00a0 \u00a0 <a href=\"http:\/\/artsetculture.fr\/index.php\/blog-messagerie\/inscriptions\/\">Inscriptions aux visites<\/a>\u00a0 <\/strong><\/em><\/p>\n<p><em><strong>\u00a0 \u00a0 \u00a0 \u00a0 \u00a0 \u00a0 \u00a0 \u00a0 \u00a0 \u00a0 \u00a0\u00a0<a href=\"https:\/\/artsetculture.fr\/index.php\/activites1\/programme-de-la-saison\/\">Programme de la saison<\/a>\u00a0 \u00a0 \u00a0 \u00a0 \u00a0 \u00a0 \u00a0<a href=\"http:\/\/artsetculture.fr\/index.php\/activites\/conferences\/\">Conf\u00e9rences<\/a>\u00a0 \u00a0<\/strong><\/em><\/p>\n<h1><em><strong>\u00a0 \u00a0<a href=\"http:\/\/artsetculture.fr\/index.php\/infos-pratiques\/conditions\/\"> <span style=\"color: #008000;\">___________________________________________<\/span><\/a><\/strong><\/em><span style=\"color: #008000;\"><strong>\u00a0\u21d1<\/strong><\/span><\/h1>\n","protected":false},"excerpt":{"rendered":"<p>Conf\u00e9rences et visites\/expositions \u00a0__ __________________________\u00a0 Dates : Le jeudi matin, de 9h30 \u00e0 11h, de septembre \u00e0 avril, hors vacances\u00a0 scolaires Lieu : Maison de l&rsquo;Amiti\u00e9 (Derri\u00e8re la biblioth\u00e8que municipale) 44 avenue de Paris \u00e0 L&rsquo;Isle-Adam &#8211; Parking apr\u00e8s la station \u00abTotal\u00bb Tarif des conf\u00e9rences : Adh\u00e9sion annuelle : &#8211; Individuelle : 17\u20ac &#8211; Couple &hellip; <a href=\"https:\/\/artsetculture.fr\/index.php\/infos-pratiques\/conditions\/\" class=\"more-link\">Continuer la lecture de <span class=\"screen-reader-text\">Infos pratiques<\/span>  <span class=\"meta-nav\">&rarr;<\/span><\/a><\/p>\n","protected":false},"author":1,"featured_media":0,"parent":1043,"menu_order":2,"comment_status":"closed","ping_status":"closed","template":"","meta":{"footnotes":""},"class_list":["post-36","page","type-page","status-publish","hentry"],"_links":{"self":[{"href":"https:\/\/artsetculture.fr\/index.php\/wp-json\/wp\/v2\/pages\/36","targetHints":{"allow":["GET"]}}],"collection":[{"href":"https:\/\/artsetculture.fr\/index.php\/wp-json\/wp\/v2\/pages"}],"about":[{"href":"https:\/\/artsetculture.fr\/index.php\/wp-json\/wp\/v2\/types\/page"}],"author":[{"embeddable":true,"href":"https:\/\/artsetculture.fr\/index.php\/wp-json\/wp\/v2\/users\/1"}],"replies":[{"embeddable":true,"href":"https:\/\/artsetculture.fr\/index.php\/wp-json\/wp\/v2\/comments?post=36"}],"version-history":[{"count":89,"href":"https:\/\/artsetculture.fr\/index.php\/wp-json\/wp\/v2\/pages\/36\/revisions"}],"predecessor-version":[{"id":13733,"href":"https:\/\/artsetculture.fr\/index.php\/wp-json\/wp\/v2\/pages\/36\/revisions\/13733"}],"up":[{"embeddable":true,"href":"https:\/\/artsetculture.fr\/index.php\/wp-json\/wp\/v2\/pages\/1043"}],"wp:attachment":[{"href":"https:\/\/artsetculture.fr\/index.php\/wp-json\/wp\/v2\/media?parent=36"}],"curies":[{"name":"wp","href":"https:\/\/api.w.org\/{rel}","templated":true}]}}