{"id":10617,"date":"2020-07-01T19:25:32","date_gmt":"2020-07-01T18:25:32","guid":{"rendered":"http:\/\/artsetculture.fr\/?page_id=10617"},"modified":"2020-08-25T12:28:27","modified_gmt":"2020-08-25T11:28:27","slug":"fete-2019","status":"publish","type":"page","link":"https:\/\/artsetculture.fr\/index.php\/historique\/saison-2019-2020\/fete-2019\/","title":{"rendered":"F\u00eate 2019"},"content":{"rendered":"<h2>novembre 2019<\/h2><div class=\"qem \"><div class=\"qem-icon\"><div class=\"qem-calendar-small\" style=\"margin:0 6px 8px 0;\"><span class=\"day\" >05<\/span><span class=\"nonday\" ><span class=\"month\"><b><em>Nov<\/em><\/b><\/span><span class=\"year\">2019<\/span><\/span><\/div><\/div><div class=\"qem-small\"><div class=\"qemlistright\">\r\n<a href=\"https:\/\/artsetculture.fr\/index.php\/event\/avec-madame-de-sevigne-au-grand-siecle\/\"><img decoding=\"async\" class=\"qem-list-image\" src=\"http:\/\/artsetculture.fr\/wp-content\/uploads\/2019\/12\/IMG_0044-WEB.jpg\"><\/a><br>\r\n<\/div>\r\n<h2 class=\"qem_title\"><a href=\"https:\/\/artsetculture.fr\/index.php\/event\/avec-madame-de-sevigne-au-grand-siecle\/\">Avec Madame de S\u00e9vign\u00e9 au Grand si\u00e8cle<\/a><\/h2><p class=\"desc\" style=\"font-weight: bold; font-style: italic; font-size: 100%; \" >Spectacle th\u00e9\u00e2tral et musical - Enregistrement<\/p><p class=\"location\" style=\"font-weight: bold; font-style: italic; color: #dd3333; font-size: 90%; \" >Restaurant de la Plage<\/p><div style=\"clear:both\"><\/div><\/div><\/div>\r\n\n<p><strong><em>\u00a0 \u00a0 \u00a0 \u00a0 \u00a0 \u00a0 \u00a0 \u00a0 \u00a0 \u00a0 \u00a0\u00a0<a href=\"http:\/\/artsetculture.fr\/index.php\/historique\/saison-2019-2020\/__trashed\/\">Conf\u00e9rences 2019-2020<\/a>\u00a0\u00a0 \u00a0 \u00a0 \u00a0 \u00a0 \u00a0 \u00a0 \u00a0<a href=\"http:\/\/artsetculture.fr\/index.php\/historique\/saison-2019-2020\/visites-expos-2019-2020\/\">Visites 2019-2020<\/a><br \/>\n<\/em><\/strong><\/p>\n<p><em><strong>\u00a0 \u00a0 \u00a0 \u00a0 \u00a0 \u00a0 \u00a0 \u00a0 \u00a0 \u00a0 \u00a0 \u00a0 \u00a0 \u00a0 \u00a0 \u00a0 \u00a0 \u00a0 \u00a0 \u00a0 \u00a0 \u00a0 \u00a0 \u00a0 \u00a0 \u00a0 \u00a0 \u00a0 \u00a0<a href=\"http:\/\/artsetculture.fr\/index.php\/infos-pratiques-2\/conditions\/\">Infos pratiques<\/a>\u00a0<\/strong><\/em><\/p>\n<p><strong><span style=\"color: #ffffff;\">_______<\/span><a href=\"http:\/\/artsetculture.fr\/index.php\/historique\/saison-2019-2020\/fete-2019\/\"><span style=\"color: #ffffff;\"><span style=\"color: #008000;\">_______________________________________________________________<\/span><\/span>\u21d1<\/a><\/strong><\/p>\n","protected":false},"excerpt":{"rendered":"<p>\u00a0 \u00a0 \u00a0 \u00a0 \u00a0 \u00a0 \u00a0 \u00a0 \u00a0 \u00a0 \u00a0\u00a0Conf\u00e9rences 2019-2020\u00a0\u00a0 \u00a0 \u00a0 \u00a0 \u00a0 \u00a0 \u00a0 \u00a0Visites 2019-2020 \u00a0 \u00a0 \u00a0 \u00a0 \u00a0 \u00a0 \u00a0 \u00a0 \u00a0 \u00a0 \u00a0 \u00a0 \u00a0 \u00a0 \u00a0 \u00a0 \u00a0 \u00a0 \u00a0 \u00a0 \u00a0 \u00a0 \u00a0 \u00a0 \u00a0 \u00a0 \u00a0 \u00a0 \u00a0Infos pratiques\u00a0 ______________________________________________________________________\u21d1<\/p>\n","protected":false},"author":1,"featured_media":0,"parent":10606,"menu_order":5,"comment_status":"closed","ping_status":"closed","template":"","meta":{"footnotes":""},"class_list":["post-10617","page","type-page","status-publish","hentry"],"_links":{"self":[{"href":"https:\/\/artsetculture.fr\/index.php\/wp-json\/wp\/v2\/pages\/10617","targetHints":{"allow":["GET"]}}],"collection":[{"href":"https:\/\/artsetculture.fr\/index.php\/wp-json\/wp\/v2\/pages"}],"about":[{"href":"https:\/\/artsetculture.fr\/index.php\/wp-json\/wp\/v2\/types\/page"}],"author":[{"embeddable":true,"href":"https:\/\/artsetculture.fr\/index.php\/wp-json\/wp\/v2\/users\/1"}],"replies":[{"embeddable":true,"href":"https:\/\/artsetculture.fr\/index.php\/wp-json\/wp\/v2\/comments?post=10617"}],"version-history":[{"count":5,"href":"https:\/\/artsetculture.fr\/index.php\/wp-json\/wp\/v2\/pages\/10617\/revisions"}],"predecessor-version":[{"id":11000,"href":"https:\/\/artsetculture.fr\/index.php\/wp-json\/wp\/v2\/pages\/10617\/revisions\/11000"}],"up":[{"embeddable":true,"href":"https:\/\/artsetculture.fr\/index.php\/wp-json\/wp\/v2\/pages\/10606"}],"wp:attachment":[{"href":"https:\/\/artsetculture.fr\/index.php\/wp-json\/wp\/v2\/media?parent=10617"}],"curies":[{"name":"wp","href":"https:\/\/api.w.org\/{rel}","templated":true}]}}