{"id":9297,"date":"2019-05-22T09:15:30","date_gmt":"2019-05-22T08:15:30","guid":{"rendered":"http:\/\/artsetculture.fr\/?page_id=9297"},"modified":"2020-08-25T12:59:04","modified_gmt":"2020-08-25T11:59:04","slug":"voyage-2019","status":"publish","type":"page","link":"http:\/\/artsetculture.fr\/index.php\/historique\/programme-de-la-saison\/voyage-2019\/","title":{"rendered":"Voyage 2019"},"content":{"rendered":"<p>&nbsp;<\/p>\n<h2>mai 2019<\/h2><div class=\"qem \"><div class=\"qem-icon\"><div class=\"qem-calendar-small\" style=\"margin:0 6px 8px 0;\"><span class=\"day\" >14<\/span><span class=\"nonday\" ><span class=\"month\"><b><em>Mai<\/em><\/b><\/span><span class=\"year\">2019<\/span><\/span><\/div><\/div><div class=\"qem-small\"><div class=\"qemright\">\r\n<img decoding=\"async\" class=\"qem-image\" src=\"http:\/\/artsetculture.fr\/wp-content\/uploads\/2019\/03\/Vascoeuil1-WEB.jpg\"><br>\r\n<\/div>\r\n<h2 class=\"qem_title\">Ch\u00e2teau de Vascoeuil et abbaye de Mortemer<\/h2><p class=\"desc\" style=\"font-weight: bold; font-style: italic; font-size: 100%; \" >Escapade normande<\/p><p class=\"organisation\" style=\"font-weight: bold; color: #021ed6; font-size: 100%; \" > <\/p><p style=\"text-align: left;\">\u00a0<\/p>\r\n<p><span style=\"color: #ff0000;\"><em><strong>D\u00e9part du car le 14 mai \u00e0 8 h - Retour vers 19 h 30 - Sc\u00e8ne Adamoise<\/strong><\/em><\/span><\/p>\r\n<p><span style=\"color: #ff0000;\"><em><strong>Prix: 80\u20ac<\/strong><\/em><\/span>\u00a0 \u00a0comprenant:\u00a0<\/p>\r\n<ul>\r\n<li>le transport en car,\u00a0\u00a0<\/li>\r\n<li>1 d\u00e9jeuner,\u00a0 \u00a0<\/li>\r\n<li>Visites et conf\u00e9renciers<\/li>\r\n<\/ul>\r\n<h5><strong class=\"alignnone\"><em class=\"alignnone\">Ch\u00e2teau et jardins de Vascoeuil\u00a0_<span style=\"color: #ffffff;\">________ <\/span><\/em><\/strong><\/h5>\r\n<p style=\"text-align: justify;\"><strong class=\"alignnone\"><em class=\"alignnone\"><span style=\"color: #ffffff;\"><a href=\"https:\/\/fr.wikipedia.org\/wiki\/Ch%C3%A2teau_de_Dieppe\"><img loading=\"lazy\" decoding=\"async\" class=\"wp-image-9174 alignleft\" src=\"http:\/\/artsetculture.fr\/wp-content\/uploads\/2019\/03\/Vascoeuil2-CAWEB-300x225.jpg\" alt=\"Vascoeuil2-CAWEB\" width=\"180\" height=\"135\" srcset=\"http:\/\/artsetculture.fr\/wp-content\/uploads\/2019\/03\/Vascoeuil2-CAWEB-300x225.jpg 300w, http:\/\/artsetculture.fr\/wp-content\/uploads\/2019\/03\/Vascoeuil2-CAWEB.jpg 448w\" sizes=\"auto, (max-width: 180px) 100vw, 180px\" \/><\/a> <\/span><\/em><\/strong><span style=\"color: #ffffff;\"><span style=\"color: #333333;\"><span class=\"fontstyle0\">Le ch\u00e2teau de Vascoeuil \u00ab maison\u00a0<\/span><\/span><\/span><span style=\"color: #ffffff;\"><span style=\"color: #333333;\"><span class=\"fontstyle0\">noble \u00bb \u00e9difi\u00e9e apr\u00e8s la guerre de cent ans, pr\u00e9sente de fort nombreux\u00a0 centres\u00a0\u00a0<\/span><\/span><\/span><span style=\"color: #ffffff;\"><span style=\"color: #333333;\"><span class=\"fontstyle0\">d\u2019int\u00e9r\u00eats\u00a0 que nous d\u00e9couvrirons\u00a0 out au long de cette matin\u00e9e, accompagn\u00e9s d\u2019un conf\u00e9rencier :<\/span><\/span><\/span><\/p>\r\n<ul>\r\n<li><span style=\"color: #ffffff;\"><span style=\"color: #333333;\"><span class=\"fontstyle0\">Le ch\u00e2teau, son histoire et sa restauration<\/span><\/span><\/span><\/li>\r\n<li><span style=\"color: #ffffff;\"><span style=\"color: #333333;\"><span class=\"fontstyle0\">Le Colombier du XVII<\/span><span class=\"fontstyle0\">\u00e8me <\/span><span class=\"fontstyle0\">et son syst\u00e8me d\u2019\u00e9chelle tournante<\/span><\/span><\/span><\/li>\r\n<li><span style=\"color: #ffffff;\"><span style=\"color: #333333;\"><span class=\"fontstyle0\">Le Mus\u00e9e consacr\u00e9 \u00e0 l\u2019historien Jules Michelet (1798-1874)<\/span><\/span><\/span><\/li>\r\n<li><span style=\"color: #ffffff;\"><span style=\"color: #333333;\"><span class=\"fontstyle0\">Le Cabinet de travail de Jules Michelet<\/span><\/span><\/span><\/li>\r\n<li><span style=\"color: #ffffff;\"><span style=\"color: #333333;\"><span class=\"fontstyle0\">Le Jardin \u00e0 la fran\u00e7aise et le parc arbor\u00e9<br \/><\/span><\/span><\/span><\/li>\r\n<li><span style=\"color: #ffffff;\"><span style=\"color: #333333;\"><span class=\"fontstyle0\">L\u2019exposition temporaire exceptionnelle consacr\u00e9e \u00e0 Bernard Buffet<\/span>\u00a0<\/span><\/span><\/li>\r\n<\/ul>\r\n<p style=\"text-align: center;\"><span style=\"text-decoration: underline;\"><span style=\"color: #800000; text-decoration: underline;\"><strong>D\u00e9jeuner<\/strong><\/span><\/span>\u00a0<em>\u00a0<\/em>au restaurant du ch\u00e2teau\u00a0<em><span style=\"color: #008000;\"><strong>\"<\/strong><\/span><\/em><em><span style=\"color: #008000;\"><strong><a href=\"https:\/\/marmitedieppoise.fr\/\">La Ca<\/a>scade<\/strong><\/span><\/em><em><span style=\"color: #008000;\"><strong>\"<\/strong><\/span><\/em>\u00a0<\/p>\r\n<h5>Abbaye de Mortemer<\/h5>\r\n<p class=\"alignnone\" style=\"text-align: justify;\"><span class=\"fontstyle0\"><img loading=\"lazy\" decoding=\"async\" class=\"wp-image-9175 alignright\" src=\"http:\/\/artsetculture.fr\/wp-content\/uploads\/2019\/03\/Mortemer1-CAWEB-300x166.jpg\" alt=\"Mortemer1-CAWEB\" width=\"180\" height=\"100\" srcset=\"http:\/\/artsetculture.fr\/wp-content\/uploads\/2019\/03\/Mortemer1-CAWEB-300x166.jpg 300w, http:\/\/artsetculture.fr\/wp-content\/uploads\/2019\/03\/Mortemer1-CAWEB.jpg 302w\" sizes=\"auto, (max-width: 180px) 100vw, 180px\" \/>Situ\u00e9e dans une h\u00eatraie au c\u0153ur de la for\u00eat de Lyons, l\u2019Abbaye de Mortemer, fond\u00e9e au XII<\/span><span class=\"fontstyle0\">\u00e8me <\/span><span class=\"fontstyle0\">si\u00e8cle, nous accueillera pour un apr\u00e8s-midi inoubliable :<\/span><\/p>\r\n<ul>\r\n<li class=\"alignnone\" style=\"text-align: justify;\"><span class=\"fontstyle0\">les ruines romantiques, le colombier et le parc<\/span><\/li>\r\n<li class=\"alignnone\" style=\"text-align: justify;\"><span class=\"fontstyle0\">La fontaine des c\u00e9libataires<\/span><\/li>\r\n<li class=\"alignnone\" style=\"text-align: justify;\"><span class=\"fontstyle0\">Le mus\u00e9e des l\u00e9gendes et des fant\u00f4mes<\/span><\/li>\r\n<li class=\"alignnone\" style=\"text-align: justify;\"><span class=\"fontstyle0\">Les appartements meubl\u00e9s<\/span><\/li>\r\n<li class=\"alignnone\" style=\"text-align: justify;\"><span class=\"fontstyle0\">Promenade autour des \u00e9tangs en petit train<\/span> <br \/><span style=\"color: #ffffff;\">_____________<\/span><\/li>\r\n<\/ul>\r\n<p style=\"text-align: left;\"><span style=\"color: #ff0000;\"><em><strong>Date limite d'inscription :\u00a0 15 avril 2019\u00a0 (ATTENTION\u00a0 places limit\u00e9es)<\/strong><\/em><\/span><\/p>\r\n<p style=\"text-align: justify;\"><span style=\"color: #ff0000;\"><em><span style=\"color: #333333;\"><strong><span style=\"color: #0000ff;\">I<span style=\"color: #333333;\">nscri<\/span><\/span><span style=\"color: #333333;\">vez-vous\u00a0d\u00e8s \u00e0 pr\u00e9sent\u00a0<\/span><\/strong> <strong>\u00a0<\/strong><\/span><\/em><span style=\"color: #333333;\">en remplissant le\u00a0 bulletin d'inscription qui vous a \u00e9t\u00e9 envoy\u00e9 par la poste et en nous le retournant accompagn\u00e9\u00a0de votre r\u00e8glement \u00e0 :<\/span><\/span><\/p>\r\n<p style=\"text-align: justify;\"><span style=\"color: #ff0000;\"><span style=\"color: #333333;\"><span style=\"color: #0000ff;\"><strong>Arts &amp; Culture - 81 rue de Pontoise\u00a0 95290 L'Isle-Adam<\/strong><\/span><\/span><\/span><\/p>\r\n<p class=\"alignnone\" style=\"text-align: justify;\"><a href=\"http:\/\/artsetculture.fr\/wp-content\/uploads\/2019\/03\/vascoeuil-Mortemer.pdf\"><span class=\"alignnone\" style=\"color: #333333;\"><img loading=\"lazy\" decoding=\"async\" class=\"alignright wp-image-9177\" src=\"http:\/\/artsetculture.fr\/wp-content\/uploads\/2019\/03\/Invitation-WEB-218x300.jpg\" alt=\"Invitation-WEB\" width=\"100\" height=\"138\" srcset=\"http:\/\/artsetculture.fr\/wp-content\/uploads\/2019\/03\/Invitation-WEB-218x300.jpg 218w, http:\/\/artsetculture.fr\/wp-content\/uploads\/2019\/03\/Invitation-WEB.jpg 326w\" sizes=\"auto, (max-width: 100px) 100vw, 100px\" \/>Si<\/span><\/a><span class=\"alignnone\" style=\"color: #333333;\"> vous souhaitez r\u00e9-imprimer la note d'information sur le voyage avec le bulletin d'inscription, cliquez sur l'ic\u00f4ne ci-contre\u00a0 ----- &gt;<\/span><\/p>\r\n<p style=\"text-align: justify;\"><span style=\"color: #ff0000;\"><em><strong>ATTENTION; Votre inscription ne\u00a0 sera d\u00e9finitive qu'apr\u00e8s r\u00e9ception de votre r\u00e8glement.<\/strong><\/em><\/span><\/p>\r\n<p style=\"text-align: justify;\"><span style=\"color: #ffffff;\">_________________________________________________________________<\/span><\/p><div style=\"clear:both\"><\/div><\/div><\/div>\r\n\n<p><strong><em>\u00a0 \u00a0 \u00a0 \u00a0 \u00a0 \u00a0 \u00a0 \u00a0 \u00a0 \u00a0 \u00a0\u00a0<a href=\"http:\/\/artsetculture.fr\/index.php\/historique\/programme-de-la-saison\/conferences-2018-2019\/\">Conf\u00e9rences 2018-2019<\/a>\u00a0 \u00a0 \u00a0 \u00a0 \u00a0 \u00a0 \u00a0 \u00a0 \u00a0 \u00a0 <a href=\"http:\/\/artsetculture.fr\/index.php\/historique\/programme-de-la-saison\/visites-expos-2018-2019\/\">Visites 2018-2019<\/a><br \/>\n<\/em><\/strong><\/p>\n<p><em><strong>\u00a0 \u00a0 \u00a0 \u00a0 \u00a0 \u00a0 \u00a0 \u00a0 \u00a0 \u00a0 \u00a0 \u00a0 \u00a0 \u00a0 \u00a0 \u00a0 \u00a0 \u00a0 \u00a0 \u00a0 \u00a0 \u00a0 \u00a0 \u00a0 \u00a0 \u00a0 \u00a0 \u00a0 \u00a0 \u00a0 \u00a0 \u00a0<a href=\"http:\/\/artsetculture.fr\/index.php\/infos-pratiques-2\/conditions\/\">Infos pratiques<\/a><\/strong><\/em><\/p>\n<h4><strong><span style=\"color: #ffffff;\">________<\/span><a href=\"http:\/\/artsetculture.fr\/index.php\/historique\/programme-de-la-saison\/voyage-2019\/\">________________________________________________\u00a0\u21d1<\/a><span style=\"color: #ffffff;\"> \u00a0\u00a0<\/span><\/strong><\/h4>\n","protected":false},"excerpt":{"rendered":"<p>&nbsp; \u00a0 \u00a0 \u00a0 \u00a0 \u00a0 \u00a0 \u00a0 \u00a0 \u00a0 \u00a0 \u00a0\u00a0Conf\u00e9rences 2018-2019\u00a0 \u00a0 \u00a0 \u00a0 \u00a0 \u00a0 \u00a0 \u00a0 \u00a0 \u00a0 Visites 2018-2019 \u00a0 \u00a0 \u00a0 \u00a0 \u00a0 \u00a0 \u00a0 \u00a0 \u00a0 \u00a0 \u00a0 \u00a0 \u00a0 \u00a0 \u00a0 \u00a0 \u00a0 \u00a0 \u00a0 \u00a0 \u00a0 \u00a0 \u00a0 \u00a0 \u00a0 \u00a0 \u00a0 \u00a0 \u00a0 \u00a0 \u00a0 &hellip; <a href=\"http:\/\/artsetculture.fr\/index.php\/event\/brancusi-2-3-3-3-2\/\" class=\"more-link\">Continuer la lecture de <span class=\"screen-reader-text\">MATISSE<\/span>  <span class=\"meta-nav\">&rarr;<\/span><\/a><\/p>\n","protected":false},"author":1,"featured_media":0,"parent":9288,"menu_order":4,"comment_status":"closed","ping_status":"closed","template":"","meta":{"footnotes":""},"class_list":["post-9297","page","type-page","status-publish","hentry"],"_links":{"self":[{"href":"http:\/\/artsetculture.fr\/index.php\/wp-json\/wp\/v2\/pages\/9297","targetHints":{"allow":["GET"]}}],"collection":[{"href":"http:\/\/artsetculture.fr\/index.php\/wp-json\/wp\/v2\/pages"}],"about":[{"href":"http:\/\/artsetculture.fr\/index.php\/wp-json\/wp\/v2\/types\/page"}],"author":[{"embeddable":true,"href":"http:\/\/artsetculture.fr\/index.php\/wp-json\/wp\/v2\/users\/1"}],"replies":[{"embeddable":true,"href":"http:\/\/artsetculture.fr\/index.php\/wp-json\/wp\/v2\/comments?post=9297"}],"version-history":[{"count":3,"href":"http:\/\/artsetculture.fr\/index.php\/wp-json\/wp\/v2\/pages\/9297\/revisions"}],"predecessor-version":[{"id":11008,"href":"http:\/\/artsetculture.fr\/index.php\/wp-json\/wp\/v2\/pages\/9297\/revisions\/11008"}],"up":[{"embeddable":true,"href":"http:\/\/artsetculture.fr\/index.php\/wp-json\/wp\/v2\/pages\/9288"}],"wp:attachment":[{"href":"http:\/\/artsetculture.fr\/index.php\/wp-json\/wp\/v2\/media?parent=9297"}],"curies":[{"name":"wp","href":"https:\/\/api.w.org\/{rel}","templated":true}]}}