{"id":822,"date":"2016-02-03T14:09:08","date_gmt":"2016-02-03T13:09:08","guid":{"rendered":"http:\/\/artsetculture.fr\/?page_id=822"},"modified":"2023-03-19T15:06:45","modified_gmt":"2023-03-19T14:06:45","slug":"fetes-activites","status":"publish","type":"page","link":"http:\/\/artsetculture.fr\/index.php\/activites1\/fetes-activites\/","title":{"rendered":"F\u00eates &#8211; Autres activit\u00e9s"},"content":{"rendered":"\n<p class=\"has-text-color\" style=\"color:#ff0000\"><strong><em>Cliquez sur le titre pour un r\u00e9sum\u00e9 de la conf\u00e9rence.<\/em><\/strong><\/p>\n\n\n<p style=\"text-align: center;\"><h2><\/h2>","protected":false},"excerpt":{"rendered":"<p>Cliquez sur le titre pour un r\u00e9sum\u00e9 de la conf\u00e9rence.<\/p>\n","protected":false},"author":1,"featured_media":0,"parent":6655,"menu_order":7,"comment_status":"closed","ping_status":"closed","template":"","meta":{"footnotes":""},"class_list":["post-822","page","type-page","status-publish","hentry"],"_links":{"self":[{"href":"http:\/\/artsetculture.fr\/index.php\/wp-json\/wp\/v2\/pages\/822","targetHints":{"allow":["GET"]}}],"collection":[{"href":"http:\/\/artsetculture.fr\/index.php\/wp-json\/wp\/v2\/pages"}],"about":[{"href":"http:\/\/artsetculture.fr\/index.php\/wp-json\/wp\/v2\/types\/page"}],"author":[{"embeddable":true,"href":"http:\/\/artsetculture.fr\/index.php\/wp-json\/wp\/v2\/users\/1"}],"replies":[{"embeddable":true,"href":"http:\/\/artsetculture.fr\/index.php\/wp-json\/wp\/v2\/comments?post=822"}],"version-history":[{"count":82,"href":"http:\/\/artsetculture.fr\/index.php\/wp-json\/wp\/v2\/pages\/822\/revisions"}],"predecessor-version":[{"id":12629,"href":"http:\/\/artsetculture.fr\/index.php\/wp-json\/wp\/v2\/pages\/822\/revisions\/12629"}],"up":[{"embeddable":true,"href":"http:\/\/artsetculture.fr\/index.php\/wp-json\/wp\/v2\/pages\/6655"}],"wp:attachment":[{"href":"http:\/\/artsetculture.fr\/index.php\/wp-json\/wp\/v2\/media?parent=822"}],"curies":[{"name":"wp","href":"https:\/\/api.w.org\/{rel}","templated":true}]}}