{"id":8170,"date":"2018-04-13T11:56:28","date_gmt":"2018-04-13T10:56:28","guid":{"rendered":"http:\/\/artsetculture.fr\/?page_id=8170"},"modified":"2020-08-25T17:11:50","modified_gmt":"2020-08-25T16:11:50","slug":"patrimoine-local-2017-2018","status":"publish","type":"page","link":"http:\/\/artsetculture.fr\/index.php\/historique\/saison-2017-2018\/patrimoine-local-2017-2018\/","title":{"rendered":"Patrimoine local 2017-2018"},"content":{"rendered":"<h2>septembre 2017<\/h2><div class=\"qem \"><div class=\"qem-icon\"><div class=\"qem-calendar-small\" style=\"margin:0 6px 8px 0;\"><span class=\"day\" >13<\/span><span class=\"nonday\" ><span class=\"month\"><b><em>Sep<\/em><\/b><\/span><span class=\"year\">2017<\/span><\/span><\/div><\/div><div class=\"qem-small\"><div class=\"qemright\">\r\n<img decoding=\"async\" class=\"qem-image\" src=\"http:\/\/artsetculture.fr\/wp-content\/uploads\/2017\/08\/01-Vexin-environs-CA-WEB.jpg\"><br>\r\n<\/div>\r\n<h2 class=\"qem_title\">Olivier Verley  A-B<\/h2><p class=\"desc\" style=\"font-weight: bold; font-style: italic; font-size: 100%; \" >Dans le sens du paysage<\/p><p class=\"location\" style=\"font-weight: bold; font-style: italic; color: #dd3333; font-size: 90%; \" >Mus\u00e9e Selencq<\/p><p>&nbsp;<\/p>\r\n<p>&nbsp;<\/p>\r\n<p><span style=\"color: #ff0000;\"><em><strong>Visite : 15h00<\/strong><\/em><\/span><span style=\"color: #ffffff;\">_ \u00a0_______________________<\/span><\/p>\r\n<p style=\"text-align: justify;\">Cette exposition est l\u2019occasion de s\u2019int\u00e9resser de nouveau \u00e0 la photographie et de mettre en avant, une fois de plus le travail d\u2019un artiste contemporain originaire du Val d\u2019Oise.<\/p>\r\n<p style=\"text-align: justify;\">Une s\u00e9lection d\u2019environ 80 photographies r\u00e9alis\u00e9es au gr\u00e9 des p\u00e9r\u00e9grinations d\u2019olivier Verley dans le Parc r\u00e9gional du Vexin, sur les <img loading=\"lazy\" decoding=\"async\" class=\"wp-image-6816 alignleft\" src=\"http:\/\/artsetculture.fr\/wp-content\/uploads\/2017\/08\/Haravilliers-300x196.jpg\" alt=\"Haravilliers\" width=\"259\" height=\"169\" srcset=\"http:\/\/artsetculture.fr\/wp-content\/uploads\/2017\/08\/Haravilliers-300x196.jpg 300w, http:\/\/artsetculture.fr\/wp-content\/uploads\/2017\/08\/Haravilliers.jpg 750w\" sizes=\"auto, (max-width: 259px) 100vw, 259px\" \/>bords de l\u2019Oise, dans le Gers mais aussi dans le Parc naturel des Monts Sibyllins en Italie et dans la r\u00e9gion de Castille sera expos\u00e9e.<\/p>\r\n<p style=\"text-align: justify;\">Olivier Verley travaille en argentique et en noir et blanc. Il appr\u00e9hende la photographie de mani\u00e8re quasi picturale et s\u2019inscrit v\u00e9ritablement dans la lign\u00e9e des photographes de la fin du XIX\u00e8me\u00a0 si\u00e8cle et dans celles des peintres paysagistes. <img loading=\"lazy\" decoding=\"async\" class=\"size-medium wp-image-6817 aligncenter\" src=\"http:\/\/artsetculture.fr\/wp-content\/uploads\/2017\/08\/Mery-inondations-300x109.jpg\" alt=\"Mery-inondations\" width=\"300\" height=\"109\" srcset=\"http:\/\/artsetculture.fr\/wp-content\/uploads\/2017\/08\/Mery-inondations-300x109.jpg 300w, http:\/\/artsetculture.fr\/wp-content\/uploads\/2017\/08\/Mery-inondations-768x280.jpg 768w, http:\/\/artsetculture.fr\/wp-content\/uploads\/2017\/08\/Mery-inondations-1024x373.jpg 1024w, http:\/\/artsetculture.fr\/wp-content\/uploads\/2017\/08\/Mery-inondations.jpg 1114w\" sizes=\"auto, (max-width: 300px) 100vw, 300px\" \/>Ses photographies sont notamment conserv\u00e9es \u00e0 la Biblioth\u00e8que Nationale de France, au Mus\u00e9e Carnavalet, aux Archives de Paris et de Saint Ouen, au Conservatoire d\u00e9partemental et aux archives d\u00e9partementales du Gers, au Conseil d\u00e9partemental du Val d\u2019Oise.\u00a0<\/p>\r\n<p style=\"text-align: justify;\"><span style=\"color: #ffffff;\">______________________________________________________________<\/span><\/p><div style=\"clear:both\"><\/div><\/div><\/div>\r\n\n<p><strong><em>\u00a0 \u00a0 \u00a0 \u00a0 \u00a0 \u00a0 \u00a0 \u00a0 \u00a0 \u00a0 <a href=\"http:\/\/artsetculture.fr\/index.php\/historique\/saison-2017-2018\/conferences-2017-2018\/\">Conf\u00e9rences 2017-2018<\/a>\u00a0 \u00a0 \u00a0 \u00a0 \u00a0 \u00a0 \u00a0 \u00a0 \u00a0 <a href=\"http:\/\/artsetculture.fr\/index.php\/historique\/saison-2017-2018\/visites-expos-2017-2018\/\">Visites 2017-2018<\/a><br \/>\n<\/em><\/strong><\/p>\n<p><em><strong>\u00a0 \u00a0 \u00a0 \u00a0 \u00a0 \u00a0 \u00a0 \u00a0 \u00a0 \u00a0 \u00a0 \u00a0 \u00a0 \u00a0 \u00a0 \u00a0 \u00a0 \u00a0 \u00a0 \u00a0 \u00a0 \u00a0 \u00a0 \u00a0 \u00a0 \u00a0 \u00a0 \u00a0 \u00a0 \u00a0 \u00a0 \u00a0<a href=\"http:\/\/artsetculture.fr\/index.php\/infos-pratiques-2\/conditions\/\">Infos pratiques<\/a><\/strong><\/em><\/p>\n<h4><strong><span style=\"color: #ffffff;\">______<\/span><a href=\"https:\/\/artsetculture.fr\/index.php\/historique\/saison-2017-2018\/patrimoine-local-2017-2018\/\">_______________________________<span style=\"color: #008000;\">_____________<\/span>____\u00a0\u21d1<\/a><\/strong><\/h4>\n","protected":false},"excerpt":{"rendered":"<p>\u00a0 \u00a0 \u00a0 \u00a0 \u00a0 \u00a0 \u00a0 \u00a0 \u00a0 \u00a0 Conf\u00e9rences 2017-2018\u00a0 \u00a0 \u00a0 \u00a0 \u00a0 \u00a0 \u00a0 \u00a0 \u00a0 Visites 2017-2018 \u00a0 \u00a0 \u00a0 \u00a0 \u00a0 \u00a0 \u00a0 \u00a0 \u00a0 \u00a0 \u00a0 \u00a0 \u00a0 \u00a0 \u00a0 \u00a0 \u00a0 \u00a0 \u00a0 \u00a0 \u00a0 \u00a0 \u00a0 \u00a0 \u00a0 \u00a0 \u00a0 \u00a0 \u00a0 \u00a0 \u00a0 \u00a0Infos pratiques &hellip; <a href=\"http:\/\/artsetculture.fr\/index.php\/event\/brancusi-2-3-3-3-2\/\" class=\"more-link\">Continuer la lecture de <span class=\"screen-reader-text\">MATISSE<\/span>  <span class=\"meta-nav\">&rarr;<\/span><\/a><\/p>\n","protected":false},"author":1,"featured_media":0,"parent":8162,"menu_order":3,"comment_status":"closed","ping_status":"closed","template":"","meta":{"footnotes":""},"class_list":["post-8170","page","type-page","status-publish","hentry"],"_links":{"self":[{"href":"http:\/\/artsetculture.fr\/index.php\/wp-json\/wp\/v2\/pages\/8170","targetHints":{"allow":["GET"]}}],"collection":[{"href":"http:\/\/artsetculture.fr\/index.php\/wp-json\/wp\/v2\/pages"}],"about":[{"href":"http:\/\/artsetculture.fr\/index.php\/wp-json\/wp\/v2\/types\/page"}],"author":[{"embeddable":true,"href":"http:\/\/artsetculture.fr\/index.php\/wp-json\/wp\/v2\/users\/1"}],"replies":[{"embeddable":true,"href":"http:\/\/artsetculture.fr\/index.php\/wp-json\/wp\/v2\/comments?post=8170"}],"version-history":[{"count":6,"href":"http:\/\/artsetculture.fr\/index.php\/wp-json\/wp\/v2\/pages\/8170\/revisions"}],"predecessor-version":[{"id":11012,"href":"http:\/\/artsetculture.fr\/index.php\/wp-json\/wp\/v2\/pages\/8170\/revisions\/11012"}],"up":[{"embeddable":true,"href":"http:\/\/artsetculture.fr\/index.php\/wp-json\/wp\/v2\/pages\/8162"}],"wp:attachment":[{"href":"http:\/\/artsetculture.fr\/index.php\/wp-json\/wp\/v2\/media?parent=8170"}],"curies":[{"name":"wp","href":"https:\/\/api.w.org\/{rel}","templated":true}]}}