{"id":4772,"date":"2016-08-20T12:15:27","date_gmt":"2016-08-20T11:15:27","guid":{"rendered":"http:\/\/artsetculture.fr\/?page_id=4772"},"modified":"2020-04-01T18:25:18","modified_gmt":"2020-04-01T17:25:18","slug":"questions","status":"publish","type":"page","link":"http:\/\/artsetculture.fr\/index.php\/inscriptions-2\/questions\/","title":{"rendered":"Besoin d&rsquo;aide ?"},"content":{"rendered":"<h3 style=\"text-align: center;\"><span style=\"color: #0000ff;\">DEMANDE D&rsquo;INSCRIPTION<\/span><\/h3>\n<h4 style=\"text-align: justify;\"><em><strong>Description<\/strong><\/em><\/h4>\n<p style=\"text-align: justify;\">Pour faire une <strong>demande d&rsquo;inscription<\/strong>\u00a0\u00e0 une exposition, visite de mus\u00e9e, voyage, ou toute autre manifestation organis\u00e9e par <strong><span style=\"color: #0000ff;\"><em>Arts &amp;\u00a0culture<\/em><\/span><\/strong>, Il suffit de :<br \/>\n\u2013 cliquer sur l&rsquo;onglet \u00ab<strong>INSCRIPTION <\/strong>\u00a0\u00bb<br \/>\n\u2013 s\u00e9lectionner dans la liste l&rsquo;\u00e9v\u00e9nement en cliquant sur son titre,<br \/>\n\u2013 remplir la fiche \u00ab\u00a0<strong>DEMANDE D&rsquo;INSCRIPTION<\/strong>\u00a0\u00bb qui se trouve \u00e0 la fin\u00a0de l&rsquo;article descriptif de l&rsquo;\u00e9v\u00e9nement,<br \/>\n\u2013 cliquer sur \u00ab <strong>ENVOYER<\/strong> \u00bb.<\/p>\n<p style=\"text-align: justify;\">Un r\u00e9capitulatif de votre demande vous est imm\u00e9diatement retourn\u00e9\u00a0par mail, puis la personne charg\u00e9e \u00e0 <span style=\"color: #0000ff;\"><em><strong>Arts &amp;\u00a0culture<\/strong><\/em><\/span> de la gestion des \u00e9v\u00e9nements vous envoie confirmation de votre inscription ou examine avec vous les questions qui peuvent se poser.<\/p>\n<h4 style=\"text-align: justify;\"><em><strong>Si vous \u00eates abonn\u00e9 \u00e0 toutes les visites de la saison<\/strong><\/em><\/h4>\n<p style=\"text-align: justify;\">Vous participez normalement \u00e0 l&rsquo;ensemble des visites au sein du m\u00eame groupe et il n&rsquo;est pas n\u00e9cessaire que vous \u00a0vous inscriviez pour chaque visite.<\/p>\n<h4 style=\"text-align: justify;\"><em><strong>Changement ou annulation<\/strong><\/em><\/h4>\n<p style=\"text-align: justify;\">Que vous soyez\u00a0abonn\u00e9 ou inscrit au coup par coup \u00e0 une visite, il peut se produire que vous ayez un <strong>emp\u00eachement<\/strong> ou que vous souhaitiez <strong>changer de groupe<\/strong> : envoyez-nous dans ces cas aussi, une demande d&rsquo;inscription pour nous informer, aussi rapidement que possible, en utilisant la rubrique \u00abInfos compl\u00e9mentaires \u00bb<\/p>\n<h4 style=\"text-align: justify;\"><em><strong>Encombrements<\/strong><\/em><\/h4>\n<p style=\"text-align: justify;\">En cas <strong>d&rsquo;encombrements du r\u00e9seau Internet<\/strong> il peut se produire que le mail de r\u00e9ception de votre demande, bien qu&rsquo;envoy\u00e9 imm\u00e9diatement, soit bloqu\u00e9 ou tarde \u00e0 vous parvenir : il vous faudra donc peut-\u00eatre patienter quelque temps\u2026 mais sans inqui\u00e9tude, car <strong>votre demande a normalement \u00e9t\u00e9 prise en compte.<\/strong><br \/>\nEn cas de doute, n&rsquo;h\u00e9sitez pas \u00e0 la refaire un peu plus tard, <strong>en v\u00e9rifiant bien votre adresse e-mail,<\/strong> et en dernier recours, si vous ne receviez aucun retour d&rsquo;\u00a0<span style=\"color: #0000ff;\"><em><strong>Arts et culture<\/strong><\/em><\/span> apr\u00e8s quelques jours, appelez le \u00a0 \u00a0<span style=\"color: #0000ff;\"><em><strong>06 84 47 69 64<\/strong><\/em><\/span><\/p>\n<p style=\"text-align: justify;\"><em><strong>\u00a0 \u00a0 \u00a0 \u00a0 \u00a0 \u00a0 \u00a0 \u00a0 \u00a0 \u00a0 \u00a0 \u00a0 \u00a0 \u00a0 \u00a0 \u00a0 \u00a0 \u00a0 \u00a0 \u00a0 \u00a0 \u00a0 \u00a0 \u00a0 \u00a0\u00a0<a href=\"http:\/\/artsetculture.fr\/index.php\/inscriptions-2\/\">Retour \u00e0 Inscription\u00a0<\/a><\/strong><\/em><\/p>\n","protected":false},"excerpt":{"rendered":"<p>DEMANDE D&rsquo;INSCRIPTION Description Pour faire une demande d&rsquo;inscription\u00a0\u00e0 une exposition, visite de mus\u00e9e, voyage, ou toute autre manifestation organis\u00e9e par Arts &amp;\u00a0culture, Il suffit de : \u2013 cliquer sur l&rsquo;onglet \u00abINSCRIPTION \u00a0\u00bb \u2013 s\u00e9lectionner dans la liste l&rsquo;\u00e9v\u00e9nement en cliquant sur son titre, \u2013 remplir la fiche \u00ab\u00a0DEMANDE D&rsquo;INSCRIPTION\u00a0\u00bb qui se trouve \u00e0 la fin\u00a0de &hellip; <a href=\"http:\/\/artsetculture.fr\/index.php\/inscriptions-2\/questions\/\" class=\"more-link\">Continuer la lecture de <span class=\"screen-reader-text\">Besoin d&rsquo;aide ?<\/span>  <span class=\"meta-nav\">&rarr;<\/span><\/a><\/p>\n","protected":false},"author":1,"featured_media":0,"parent":7138,"menu_order":4,"comment_status":"closed","ping_status":"closed","template":"","meta":{"footnotes":""},"class_list":["post-4772","page","type-page","status-publish","hentry"],"_links":{"self":[{"href":"http:\/\/artsetculture.fr\/index.php\/wp-json\/wp\/v2\/pages\/4772","targetHints":{"allow":["GET"]}}],"collection":[{"href":"http:\/\/artsetculture.fr\/index.php\/wp-json\/wp\/v2\/pages"}],"about":[{"href":"http:\/\/artsetculture.fr\/index.php\/wp-json\/wp\/v2\/types\/page"}],"author":[{"embeddable":true,"href":"http:\/\/artsetculture.fr\/index.php\/wp-json\/wp\/v2\/users\/1"}],"replies":[{"embeddable":true,"href":"http:\/\/artsetculture.fr\/index.php\/wp-json\/wp\/v2\/comments?post=4772"}],"version-history":[{"count":20,"href":"http:\/\/artsetculture.fr\/index.php\/wp-json\/wp\/v2\/pages\/4772\/revisions"}],"predecessor-version":[{"id":4775,"href":"http:\/\/artsetculture.fr\/index.php\/wp-json\/wp\/v2\/pages\/4772\/revisions\/4775"}],"up":[{"embeddable":true,"href":"http:\/\/artsetculture.fr\/index.php\/wp-json\/wp\/v2\/pages\/7138"}],"wp:attachment":[{"href":"http:\/\/artsetculture.fr\/index.php\/wp-json\/wp\/v2\/media?parent=4772"}],"curies":[{"name":"wp","href":"https:\/\/api.w.org\/{rel}","templated":true}]}}