{"id":4477,"date":"2016-08-11T19:37:36","date_gmt":"2016-08-11T18:37:36","guid":{"rendered":"http:\/\/artsetculture.fr\/?page_id=4477"},"modified":"2023-03-19T13:45:28","modified_gmt":"2023-03-19T12:45:28","slug":"fetes-passee","status":"publish","type":"page","link":"http:\/\/artsetculture.fr\/index.php\/activites1\/fetes-activites\/fetes-passee\/","title":{"rendered":"F\u00eates &#8211; autres activit\u00e9s pass\u00e9es"},"content":{"rendered":"<h2>avril 2021<\/h2><div class=\"qem \"><div class=\"qem-icon\"><div class=\"qem-calendar-small\" style=\"margin:0 6px 8px 0;\"><span class=\"day\" >01<\/span><span class=\"nonday\" ><span class=\"month\"><b><em>Avr<\/em><\/b><\/span><span class=\"year\">2021<\/span><\/span><\/div><\/div><div class=\"qem-small\"><div class=\"qemlistright\">\r\n<a href=\"http:\/\/artsetculture.fr\/index.php\/event\/assemblee-generale-4\/\"><img decoding=\"async\" class=\"qem-list-image\" src=\"http:\/\/artsetculture.fr\/wp-content\/uploads\/2017\/01\/Champagne.jpg\"><\/a><br>\r\n<\/div>\r\n<h2 class=\"qem_title\"><a href=\"http:\/\/artsetculture.fr\/index.php\/event\/assemblee-generale-4\/\">Assembl\u00e9e g\u00e9n\u00e9rale - Exercice 2020<\/a><\/h2><p class=\"location\" style=\"font-weight: bold; font-style: italic; color: #dd3333; font-size: 90%; \" >Date et modalit\u00e9s \u00e0 confirmer<\/p><p class=\"organisation\" style=\"font-weight: bold; color: #021ed6; font-size: 100%; \" >Maison de l'amiti\u00e9<\/p><div style=\"clear:both\"><\/div><\/div><\/div>\r\n<h2>novembre 2019<\/h2><div class=\"qem \"><div class=\"qem-icon\"><div class=\"qem-calendar-small\" style=\"margin:0 6px 8px 0;\"><span class=\"day\" >05<\/span><span class=\"nonday\" ><span class=\"month\"><b><em>Nov<\/em><\/b><\/span><span class=\"year\">2019<\/span><\/span><\/div><\/div><div class=\"qem-small\"><div class=\"qemlistright\">\r\n<a href=\"http:\/\/artsetculture.fr\/index.php\/event\/avec-madame-de-sevigne-au-grand-siecle\/\"><img decoding=\"async\" class=\"qem-list-image\" src=\"http:\/\/artsetculture.fr\/wp-content\/uploads\/2019\/12\/IMG_0044-WEB.jpg\"><\/a><br>\r\n<\/div>\r\n<h2 class=\"qem_title\"><a href=\"http:\/\/artsetculture.fr\/index.php\/event\/avec-madame-de-sevigne-au-grand-siecle\/\">Avec Madame de S\u00e9vign\u00e9 au Grand si\u00e8cle<\/a><\/h2><p class=\"desc\" style=\"font-weight: bold; font-style: italic; font-size: 100%; \" >Spectacle th\u00e9\u00e2tral et musical - Enregistrement<\/p><p class=\"location\" style=\"font-weight: bold; font-style: italic; color: #dd3333; font-size: 90%; \" >Restaurant de la Plage<\/p><div style=\"clear:both\"><\/div><\/div><\/div>\r\n<h2>septembre 2019<\/h2><div class=\"qem \"><div class=\"qem-icon\"><div class=\"qem-calendar-small\" style=\"margin:0 6px 8px 0;\"><span class=\"day\" >07<\/span><span class=\"nonday\" ><span class=\"month\"><b><em>Sep<\/em><\/b><\/span><span class=\"year\">2019<\/span><\/span><\/div><\/div><div class=\"qem-small\"><div class=\"qemlistright\">\r\n<a href=\"http:\/\/artsetculture.fr\/index.php\/event\/forum-des-associations\/\"><img decoding=\"async\" class=\"qem-list-image\" src=\"http:\/\/artsetculture.fr\/wp-content\/uploads\/2019\/08\/Affichette-2019.jpg\"><\/a><br>\r\n<\/div>\r\n<h2 class=\"qem_title\"><a href=\"http:\/\/artsetculture.fr\/index.php\/event\/forum-des-associations\/\">Forum des associations<\/a><\/h2><div style=\"clear:both\"><\/div><\/div><\/div>\r\n<h2>mars 2017<\/h2><div class=\"qem \"><div class=\"qem-icon\"><div class=\"qem-calendar-small\" style=\"margin:0 6px 8px 0;\"><span class=\"day\" >28<\/span><span class=\"nonday\" ><span class=\"month\"><b><em>Mar<\/em><\/b><\/span><span class=\"year\">2017<\/span><\/span><\/div><\/div><div class=\"qem-small\"><div class=\"qemlistright\">\r\n<a href=\"http:\/\/artsetculture.fr\/index.php\/event\/assemblee-generale-pm1\/\"><img decoding=\"async\" class=\"qem-list-image\" src=\"http:\/\/artsetculture.fr\/wp-content\/uploads\/2017\/01\/Champagne.jpg\"><\/a><br>\r\n<\/div>\r\n<h2 class=\"qem_title\"><a href=\"http:\/\/artsetculture.fr\/index.php\/event\/assemblee-generale-pm1\/\">Assembl\u00e9e g\u00e9n\u00e9rale<\/a><\/h2><p class=\"desc\" style=\"font-weight: bold; font-style: italic; font-size: 100%; \" >Un agr\u00e9able moment de convivialit\u00e9...<\/p><p class=\"organisation\" style=\"font-weight: bold; color: #021ed6; font-size: 100%; \" >Pavillon Magallon<\/p><div style=\"clear:both\"><\/div><\/div><\/div>\r\n<h2>d\u00e9cembre 2015<\/h2><div class=\"qem \"><div class=\"qem-icon\"><div class=\"qem-calendar-small\" style=\"margin:0 6px 8px 0;\"><span class=\"day\" >01<\/span><span class=\"nonday\" ><span class=\"month\"><b><em>D\u00e9c<\/em><\/b><\/span><span class=\"year\">2015<\/span><\/span><\/div><\/div><div class=\"qem-small\"><div class=\"qemlistright\">\r\n<a href=\"http:\/\/artsetculture.fr\/index.php\/event\/le-jus-de-la-tonne-2\/\"><img decoding=\"async\" class=\"qem-list-image\" src=\"http:\/\/artsetculture.fr\/wp-content\/uploads\/2016\/04\/F\u00eate-enluminure.jpg\"><\/a><br>\r\n<\/div>\r\n<h2 class=\"qem_title\"><a href=\"http:\/\/artsetculture.fr\/index.php\/event\/le-jus-de-la-tonne-2\/\">Le Jus de la Tonne<\/a><\/h2><p class=\"desc\" style=\"font-weight: bold; font-style: italic; font-size: 100%; \" >Musique A Capella et Rabelais<\/p><p class=\"location\" style=\"font-weight: bold; font-style: italic; color: #dd3333; font-size: 90%; \" >Restaurant de la Plage<\/p><div style=\"clear:both\"><\/div><\/div><\/div>\r\n\n","protected":false},"excerpt":{"rendered":"","protected":false},"author":1,"featured_media":0,"parent":822,"menu_order":1,"comment_status":"closed","ping_status":"closed","template":"","meta":{"footnotes":""},"class_list":["post-4477","page","type-page","status-publish","hentry"],"_links":{"self":[{"href":"http:\/\/artsetculture.fr\/index.php\/wp-json\/wp\/v2\/pages\/4477","targetHints":{"allow":["GET"]}}],"collection":[{"href":"http:\/\/artsetculture.fr\/index.php\/wp-json\/wp\/v2\/pages"}],"about":[{"href":"http:\/\/artsetculture.fr\/index.php\/wp-json\/wp\/v2\/types\/page"}],"author":[{"embeddable":true,"href":"http:\/\/artsetculture.fr\/index.php\/wp-json\/wp\/v2\/users\/1"}],"replies":[{"embeddable":true,"href":"http:\/\/artsetculture.fr\/index.php\/wp-json\/wp\/v2\/comments?post=4477"}],"version-history":[{"count":17,"href":"http:\/\/artsetculture.fr\/index.php\/wp-json\/wp\/v2\/pages\/4477\/revisions"}],"predecessor-version":[{"id":12596,"href":"http:\/\/artsetculture.fr\/index.php\/wp-json\/wp\/v2\/pages\/4477\/revisions\/12596"}],"up":[{"embeddable":true,"href":"http:\/\/artsetculture.fr\/index.php\/wp-json\/wp\/v2\/pages\/822"}],"wp:attachment":[{"href":"http:\/\/artsetculture.fr\/index.php\/wp-json\/wp\/v2\/media?parent=4477"}],"curies":[{"name":"wp","href":"https:\/\/api.w.org\/{rel}","templated":true}]}}