{"id":4390,"date":"2016-08-11T14:18:12","date_gmt":"2016-08-11T13:18:12","guid":{"rendered":"http:\/\/artsetculture.fr\/?page_id=4390"},"modified":"2017-08-22T19:31:24","modified_gmt":"2017-08-22T18:31:24","slug":"visites-2015-2016","status":"publish","type":"page","link":"http:\/\/artsetculture.fr\/index.php\/historique\/saison2015-2016\/visites-2015-2016\/","title":{"rendered":"Visites-Expos 2015-2016"},"content":{"rendered":"<p style=\"text-align: justify;\">Pour acc\u00e9der \u00e0 l&rsquo;historique complet de nos activit\u00e9s <em><span style=\"color: #ff0000;\"><strong>depuis\u00a01999<\/strong><\/span> <\/em>veuillez\u00a0cliquer sur le lien ci-apr\u00e8s\u00a0: \u00a0 \u00a0 \u00a0<strong><a href=\"http:\/\/artsetculture.fr\/Historique_1999-2016\/Cadres\/Cadre_accueil.php\">HISTORIQUE<\/a><\/strong><\/p>\n<h2>septembre 2015<\/h2><div class=\"qem \"><div class=\"qem-icon\"><div class=\"qem-calendar-small\" style=\"margin:0 6px 8px 0;\"><span class=\"day\" >16 - 29<\/span><span class=\"nonday\" ><span class=\"month\"><b><em>Sep<\/em><\/b><\/span><span class=\"year\">2015<\/span><\/span><\/div><\/div><div class=\"qem-small\"><div class=\"qemlistright\">\r\n<a href=\"http:\/\/artsetculture.fr\/index.php\/event\/passages-couverts\/\"><img decoding=\"async\" class=\"qem-list-image\" src=\"http:\/\/artsetculture.fr\/wp-content\/uploads\/2016\/04\/07-Galerie-Vivienne.jpg\"><\/a><br>\r\n<\/div>\r\n<h2 class=\"qem_title\"><a href=\"http:\/\/artsetculture.fr\/index.php\/event\/passages-couverts\/\">Passages couverts<\/a><\/h2><p class=\"organisation\" style=\"font-weight: bold; color: #021ed6; font-size: 100%; \" >P. Hemmler<\/p><div style=\"clear:both\"><\/div><\/div><\/div>\r\n\n<h2><\/h2>\n<h2><\/h2>\n<h2><\/h2>\n<h2><\/h2>\n<h2>f\u00e9vrier 2016<\/h2><div class=\"qem \"><div class=\"qem-icon\"><div class=\"qem-calendar-small\" style=\"margin:0 6px 8px 0;\"><span class=\"day\" >09 - 10<\/span><span class=\"nonday\" ><span class=\"month\"><b><em>F\u00e9v<\/em><\/b><\/span><span class=\"year\">2016<\/span><\/span><\/div><\/div><div class=\"qem-small\"><div class=\"qemlistright\">\r\n<a href=\"http:\/\/artsetculture.fr\/index.php\/event\/musee-rodin\/\"><img decoding=\"async\" class=\"qem-list-image\" src=\"http:\/\/artsetculture.fr\/wp-content\/uploads\/2016\/01\/Mus\u00e9eRodin-WEB.jpg\"><\/a><br>\r\n<\/div>\r\n<h2 class=\"qem_title\"><a href=\"http:\/\/artsetculture.fr\/index.php\/event\/musee-rodin\/\">Mus\u00e9e Rodin<\/a><\/h2><p class=\"desc\" style=\"font-weight: bold; font-style: italic; font-size: 100%; \" >R\u00e9ouverture du Mus\u00e9e Rodin \u00e0 l'Hotel Byron<\/p><p class=\"organisation\" style=\"font-weight: bold; color: #021ed6; font-size: 100%; \" >Mme Gagliano<\/p><div style=\"clear:both\"><\/div><\/div><\/div>\r\n\n<h2>mars 2016<\/h2><div class=\"qem \"><div class=\"qem-icon\"><div class=\"qem-calendar-small\" style=\"margin:0 6px 8px 0;\"><span class=\"day\" >08 - 22<\/span><span class=\"nonday\" ><span class=\"month\"><b><em>Mar<\/em><\/b><\/span><span class=\"year\">2016<\/span><\/span><\/div><\/div><div class=\"qem-small\"><div class=\"qemlistright\">\r\n<a href=\"http:\/\/artsetculture.fr\/index.php\/event\/pigalle-2\/\"><img decoding=\"async\" class=\"qem-list-image\" src=\"http:\/\/artsetculture.fr\/wp-content\/uploads\/2016\/01\/pigalle.jpg\"><\/a><br>\r\n<\/div>\r\n<h2 class=\"qem_title\"><a href=\"http:\/\/artsetculture.fr\/index.php\/event\/pigalle-2\/\">Pigalle<\/a><\/h2><p class=\"desc\" style=\"font-weight: bold; font-style: italic; font-size: 100%; \" >Les anciens cabarets<\/p><p class=\"organisation\" style=\"font-weight: bold; color: #021ed6; font-size: 100%; \" >M. Hemmler<\/p><div style=\"clear:both\"><\/div><\/div><\/div>\r\n<div class=\"qem \"><div class=\"qem-icon\"><div class=\"qem-calendar-small\" style=\"margin:0 6px 8px 0;\"><span class=\"day\" >29 - 30<\/span><span class=\"nonday\" ><span class=\"month\"><b><em>Mar<\/em><\/b><\/span><span class=\"year\">2016<\/span><\/span><\/div><\/div><div class=\"qem-small\"><div class=\"qemlistright\">\r\n<a href=\"http:\/\/artsetculture.fr\/index.php\/event\/le-douanier-rousseau-2\/\"><img decoding=\"async\" class=\"qem-list-image\" src=\"http:\/\/artsetculture.fr\/wp-content\/uploads\/2016\/02\/Douanier-Rousseau.jpg\"><\/a><br>\r\n<\/div>\r\n<h2 class=\"qem_title\"><a href=\"http:\/\/artsetculture.fr\/index.php\/event\/le-douanier-rousseau-2\/\">Douanier Rousseau<\/a><\/h2><p class=\"desc\" style=\"font-weight: bold; font-style: italic; font-size: 100%; \" >L'innocence archa\u00efque <\/p><p class=\"organisation\" style=\"font-weight: bold; color: #021ed6; font-size: 100%; \" >Mme Gagliano<\/p><div style=\"clear:both\"><\/div><\/div><\/div>\r\n\n<h2><\/h2>\n<h2>mai 2016<\/h2><div class=\"qem \"><div class=\"qem-icon\"><div class=\"qem-calendar-small\" style=\"margin:0 6px 8px 0;\"><span class=\"day\" >02 - 09<\/span><span class=\"nonday\" ><span class=\"month\"><b><em>Mai<\/em><\/b><\/span><span class=\"year\">2016<\/span><\/span><\/div><\/div><div class=\"qem-small\"><div class=\"qemlistright\">\r\n<a href=\"http:\/\/artsetculture.fr\/index.php\/event\/b-paul-klee\/\"><img decoding=\"async\" class=\"qem-list-image\" src=\"http:\/\/artsetculture.fr\/wp-content\/uploads\/2016\/04\/Paul-Klee-SD-CP-WEB.jpg\"><\/a><br>\r\n<\/div>\r\n<h2 class=\"qem_title\"><a href=\"http:\/\/artsetculture.fr\/index.php\/event\/b-paul-klee\/\">Paul KLEE<\/a><\/h2><p class=\"desc\" style=\"font-weight: bold; font-style: italic; font-size: 100%; \" >L'ironie \u00e0 l'oeuvre <\/p><p class=\"location\" style=\"font-weight: bold; font-style: italic; color: #dd3333; font-size: 90%; \" >Centre G. Pompidou<\/p><p class=\"organisation\" style=\"font-weight: bold; color: #021ed6; font-size: 100%; \" >Mme Gagliano<\/p><div style=\"clear:both\"><\/div><\/div><\/div>\r\n\n<h2><\/h2>\n<p><strong><em>\u00a0 \u00a0 \u00a0 \u00a0 \u00a0 \u00a0 \u00a0 \u00a0 \u00a0<a href=\"http:\/\/artsetculture.fr\/index.php\/historique\/conferences\/conferences-2015-2016\/\">Conf\u00e9rences 2015-2016\u00a0<\/a>\u00a0 \u00a0 \u00a0 \u00a0 \u00a0 \u00a0 \u00a0 \u00a0\u00a0<a href=\"http:\/\/artsetculture.fr\/index.php\/activites1\/visites\/\">Visites ann\u00e9e en cours<\/a>\u00a0 \u00a0 \u00a0<\/em><\/strong><\/p>\n<p><strong><em>\u00a0 \u00a0 \u00a0 \u00a0 \u00a0 \u00a0 \u00a0 \u00a0 \u00a0 \u00a0 \u00a0 \u00a0 \u00a0 \u00a0 \u00a0 \u00a0 \u00a0 \u00a0 \u00a0 \u00a0 \u00a0 \u00a0 \u00a0 \u00a0 \u00a0 \u00a0 \u00a0 \u00a0 \u00a0 \u00a0\u00a0<a href=\"http:\/\/artsetculture.fr\/index.php\/infos-pratiques-2\/conditions\/\">Infos pratiques<\/a>\u00a0<\/em><\/strong><\/p>\n<h4><strong><span style=\"color: #ffffff;\">_ \u00a0 \u00a0 \u00a0 \u00a0 \u00a0_<\/span><a href=\"http:\/\/artsetculture.fr\/index.php\/historique\/conferences\/visites-2015-2016\/\">____________________________________________\u00a0\u21d1<\/a><\/strong><\/h4>\n<p>&nbsp;<\/p>\n<p>&nbsp;<\/p>\n<p>&nbsp;<\/p>\n","protected":false},"excerpt":{"rendered":"<p>Pour acc\u00e9der \u00e0 l&rsquo;historique complet de nos activit\u00e9s depuis\u00a01999 veuillez\u00a0cliquer sur le lien ci-apr\u00e8s\u00a0: \u00a0 \u00a0 \u00a0HISTORIQUE \u00a0 \u00a0 \u00a0 \u00a0 \u00a0 \u00a0 \u00a0 \u00a0 \u00a0Conf\u00e9rences 2015-2016\u00a0\u00a0 \u00a0 \u00a0 \u00a0 \u00a0 \u00a0 \u00a0 \u00a0\u00a0Visites ann\u00e9e en cours\u00a0 \u00a0 \u00a0 \u00a0 \u00a0 \u00a0 \u00a0 \u00a0 \u00a0 \u00a0 \u00a0 \u00a0 \u00a0 \u00a0 \u00a0 \u00a0 \u00a0 \u00a0 \u00a0 &hellip; <a href=\"http:\/\/artsetculture.fr\/index.php\/event\/brancusi-2-3-3-3-2\/\" class=\"more-link\">Continuer la lecture de <span class=\"screen-reader-text\">MATISSE<\/span>  <span class=\"meta-nav\">&rarr;<\/span><\/a><\/p>\n","protected":false},"author":1,"featured_media":0,"parent":46,"menu_order":2,"comment_status":"closed","ping_status":"closed","template":"","meta":{"footnotes":""},"class_list":["post-4390","page","type-page","status-publish","hentry"],"_links":{"self":[{"href":"http:\/\/artsetculture.fr\/index.php\/wp-json\/wp\/v2\/pages\/4390","targetHints":{"allow":["GET"]}}],"collection":[{"href":"http:\/\/artsetculture.fr\/index.php\/wp-json\/wp\/v2\/pages"}],"about":[{"href":"http:\/\/artsetculture.fr\/index.php\/wp-json\/wp\/v2\/types\/page"}],"author":[{"embeddable":true,"href":"http:\/\/artsetculture.fr\/index.php\/wp-json\/wp\/v2\/users\/1"}],"replies":[{"embeddable":true,"href":"http:\/\/artsetculture.fr\/index.php\/wp-json\/wp\/v2\/comments?post=4390"}],"version-history":[{"count":30,"href":"http:\/\/artsetculture.fr\/index.php\/wp-json\/wp\/v2\/pages\/4390\/revisions"}],"predecessor-version":[{"id":7154,"href":"http:\/\/artsetculture.fr\/index.php\/wp-json\/wp\/v2\/pages\/4390\/revisions\/7154"}],"up":[{"embeddable":true,"href":"http:\/\/artsetculture.fr\/index.php\/wp-json\/wp\/v2\/pages\/46"}],"wp:attachment":[{"href":"http:\/\/artsetculture.fr\/index.php\/wp-json\/wp\/v2\/media?parent=4390"}],"curies":[{"name":"wp","href":"https:\/\/api.w.org\/{rel}","templated":true}]}}