{"id":2602,"date":"2016-04-19T15:48:38","date_gmt":"2016-04-19T14:48:38","guid":{"rendered":"http:\/\/artsetculture.fr\/?page_id=2602"},"modified":"2023-03-19T13:40:44","modified_gmt":"2023-03-19T12:40:44","slug":"visites-passees","status":"publish","type":"page","link":"http:\/\/artsetculture.fr\/index.php\/activites1\/visites\/visites-passees\/","title":{"rendered":"Visites pass\u00e9es"},"content":{"rendered":"<p><em><strong><span style=\"color: #ff0000;\">Cliquez sur le titre de la visite pour plus d&rsquo;informations<\/span><br \/>\n<\/strong><\/em><\/p>\n<h2>mars 2026<\/h2><div class=\"qem \"><div class=\"qem-icon\"><div class=\"qem-calendar-small\" style=\"margin:0 6px 8px 0;\"><span class=\"day\" >27<\/span><span class=\"nonday\" ><span class=\"month\"><b><em>Mar<\/em><\/b><\/span><span class=\"year\">2026<\/span><\/span><\/div><\/div><div class=\"qem-small\"><div class=\"qemlistright\">\r\n<a href=\"http:\/\/artsetculture.fr\/index.php\/event\/brancusi-2-3-3-2-4-2\/\"><img decoding=\"async\" class=\"qem-list-image\" src=\"http:\/\/artsetculture.fr\/wp-content\/uploads\/2026\/01\/Velasquez-260128.jpg\"><\/a><br>\r\n<\/div>\r\n<h2 class=\"qem_title\"><a href=\"http:\/\/artsetculture.fr\/index.php\/event\/brancusi-2-3-3-2-4-2\/\">SPLENDEURS DU BAROQUE, DE GRECO A VELASQUEZ<\/a><\/h2><p class=\"desc\" style=\"font-weight: bold; font-style: italic; font-size: 100%; \" > <\/p><p class=\"location\" style=\"font-weight: bold; font-style: italic; color: #dd3333; font-size: 90%; \" >Mus\u00e9e Jacquemart Andr\u00e9<\/p><p class=\"organisation\" style=\"font-weight: bold; color: #021ed6; font-size: 100%; \" >Conf\u00e9renci\u00e8re du Mus\u00e9e<\/p><div style=\"clear:both\"><\/div><\/div><\/div>\r\n<h2>f\u00e9vrier 2026<\/h2><div class=\"qem \"><div class=\"qem-icon\"><div class=\"qem-calendar-small\" style=\"margin:0 6px 8px 0;\"><span class=\"day\" >18<\/span><span class=\"nonday\" ><span class=\"month\"><b><em>F\u00e9v<\/em><\/b><\/span><span class=\"year\">2026<\/span><\/span><\/div><\/div><div class=\"qem-small\"><h2 class=\"qem_title\"><a href=\"http:\/\/artsetculture.fr\/index.php\/event\/brancusi-2-3-3-3\/\">LEONORA CARRINGTON<\/a><\/h2><p class=\"desc\" style=\"font-weight: bold; font-style: italic; font-size: 100%; \" > <\/p><p class=\"location\" style=\"font-weight: bold; font-style: italic; color: #dd3333; font-size: 90%; \" >Mus\u00e9e du Luxembourg<\/p><p class=\"organisation\" style=\"font-weight: bold; color: #021ed6; font-size: 100%; \" >Fran\u00e7oise Gagliano<\/p><div style=\"clear:both\"><\/div><\/div><\/div>\r\n<h2>janvier 2026<\/h2><div class=\"qem \"><div class=\"qem-icon\"><div class=\"qem-calendar-small\" style=\"margin:0 6px 8px 0;\"><span class=\"day\" >20<\/span><span class=\"nonday\" ><span class=\"month\"><b><em>Jan<\/em><\/b><\/span><span class=\"year\">2026<\/span><\/span><\/div><\/div><div class=\"qem-small\"><h2 class=\"qem_title\"><a href=\"http:\/\/artsetculture.fr\/index.php\/event\/brancusi-2-3-3-2-4\/\">MAGDALENA ABAKANOWICZ, la trame de l'existence<\/a><\/h2><p class=\"desc\" style=\"font-weight: bold; font-style: italic; font-size: 100%; \" > <\/p><p class=\"location\" style=\"font-weight: bold; font-style: italic; color: #dd3333; font-size: 90%; \" >Mus\u00e9e Antoine Bourdelle<\/p><p class=\"organisation\" style=\"font-weight: bold; color: #021ed6; font-size: 100%; \" >Fran\u00e7oise Gagliano<\/p><div style=\"clear:both\"><\/div><\/div><\/div>\r\n<h2>d\u00e9cembre 2025<\/h2><div class=\"qem \"><div class=\"qem-icon\"><div class=\"qem-calendar-small\" style=\"margin:0 6px 8px 0;\"><span class=\"day\" >17<\/span><span class=\"nonday\" ><span class=\"month\"><b><em>D\u00e9c<\/em><\/b><\/span><span class=\"year\">2025<\/span><\/span><\/div><\/div><div class=\"qem-small\"><div class=\"qemlistright\">\r\n<a href=\"http:\/\/artsetculture.fr\/index.php\/event\/brancusi-2-3-3-2-3\/\"><img decoding=\"async\" class=\"qem-list-image\" src=\"http:\/\/artsetculture.fr\/wp-content\/uploads\/2025\/10\/Pekka-Halonnen-17-12-25.jpg\"><\/a><br>\r\n<\/div>\r\n<h2 class=\"qem_title\"><a href=\"http:\/\/artsetculture.fr\/index.php\/event\/brancusi-2-3-3-2-3\/\">Pekka Halonen, un hymne \u00e0 la Finlande<\/a><\/h2><p class=\"desc\" style=\"font-weight: bold; font-style: italic; font-size: 100%; \" > <\/p><p class=\"location\" style=\"font-weight: bold; font-style: italic; color: #dd3333; font-size: 90%; \" >Petit Palais<\/p><div style=\"clear:both\"><\/div><\/div><\/div>\r\n<h2>novembre 2025<\/h2><div class=\"qem \"><div class=\"qem-icon\"><div class=\"qem-calendar-small\" style=\"margin:0 6px 8px 0;\"><span class=\"day\" >25<\/span><span class=\"nonday\" ><span class=\"month\"><b><em>Nov<\/em><\/b><\/span><span class=\"year\">2025<\/span><\/span><\/div><\/div><div class=\"qem-small\"><div class=\"qemlistright\">\r\n<a href=\"http:\/\/artsetculture.fr\/index.php\/event\/brancusi-2-3-3-2-2\/\"><img decoding=\"async\" class=\"qem-list-image\" src=\"http:\/\/artsetculture.fr\/wp-content\/uploads\/2025\/10\/Franc-Maconnerie-25-11-25.jpg\"><\/a><br>\r\n<\/div>\r\n<h2 class=\"qem_title\"><a href=\"http:\/\/artsetculture.fr\/index.php\/event\/brancusi-2-3-3-2-2\/\">MUSEE DE LA FRANC-MACONNERIE<\/a><\/h2><p class=\"desc\" style=\"font-weight: bold; font-style: italic; font-size: 100%; \" > <\/p><p class=\"location\" style=\"font-weight: bold; font-style: italic; color: #dd3333; font-size: 90%; \" >Mus\u00e9e de la Franc-ma\u00e7onnerie<\/p><p class=\"organisation\" style=\"font-weight: bold; color: #021ed6; font-size: 100%; \" >Pierre-Alain MALLET<\/p><div style=\"clear:both\"><\/div><\/div><\/div>\r\n<h2>octobre 2025<\/h2><div class=\"qem \"><div class=\"qem-icon\"><div class=\"qem-calendar-small\" style=\"margin:0 6px 8px 0;\"><span class=\"day\" >03<\/span><span class=\"nonday\" ><span class=\"month\"><b><em>Oct<\/em><\/b><\/span><span class=\"year\">2025<\/span><\/span><\/div><\/div><div class=\"qem-small\"><div class=\"qemlistright\">\r\n<a href=\"http:\/\/artsetculture.fr\/index.php\/event\/brancusi-2-3-3\/\"><img decoding=\"async\" class=\"qem-list-image\" src=\"http:\/\/artsetculture.fr\/wp-content\/uploads\/2025\/07\/Niki-de-saint-Phalle-250604-fontaine-stravinski-.jpg\"><\/a><br>\r\n<\/div>\r\n<h2 class=\"qem_title\"><a href=\"http:\/\/artsetculture.fr\/index.php\/event\/brancusi-2-3-3\/\">Niki de Saint Phalle-Jean Tinguely-Pontus Hulten<\/a><\/h2><p class=\"desc\" style=\"font-weight: bold; font-style: italic; font-size: 100%; \" > <\/p><p class=\"location\" style=\"font-weight: bold; font-style: italic; color: #dd3333; font-size: 90%; \" >Grand Palais<\/p><p class=\"organisation\" style=\"font-weight: bold; color: #021ed6; font-size: 100%; \" >Fran\u00e7oise Gagliano<\/p><div style=\"clear:both\"><\/div><\/div><\/div>\r\n<h2>avril 2025<\/h2><div class=\"qem \"><div class=\"qem-icon\"><div class=\"qem-calendar-small\" style=\"margin:0 6px 8px 0;\"><span class=\"day\" >08<\/span><span class=\"nonday\" ><span class=\"month\"><b><em>Avr<\/em><\/b><\/span><span class=\"year\">2025<\/span><\/span><\/div><\/div><div class=\"qem-small\"><h2 class=\"qem_title\"><a href=\"http:\/\/artsetculture.fr\/index.php\/event\/brancusi-2-3-2\/\">MAXIMILIEN LUCE, L'INSTINCT DU PAYSAGE<\/a><\/h2><p class=\"desc\" style=\"font-weight: bold; font-style: italic; font-size: 100%; \" > <\/p><p class=\"location\" style=\"font-weight: bold; font-style: italic; color: #dd3333; font-size: 90%; \" >Mus\u00e9e de Montmartre<\/p><p class=\"organisation\" style=\"font-weight: bold; color: #021ed6; font-size: 100%; \" >Fran\u00e7oise Gagliano<\/p><div style=\"clear:both\"><\/div><\/div><\/div>\r\n<h2>mars 2025<\/h2><div class=\"qem \"><div class=\"qem-icon\"><div class=\"qem-calendar-small\" style=\"margin:0 6px 8px 0;\"><span class=\"day\" >25<\/span><span class=\"nonday\" ><span class=\"month\"><b><em>Mar<\/em><\/b><\/span><span class=\"year\">2025<\/span><\/span><\/div><\/div><div class=\"qem-small\"><div class=\"qemlistright\">\r\n<a href=\"http:\/\/artsetculture.fr\/index.php\/event\/brancusi-2-3-2-2\/\"><img decoding=\"async\" class=\"qem-list-image\" src=\"http:\/\/artsetculture.fr\/wp-content\/uploads\/2025\/01\/mary-magdalene-as-melancholy-1622-artemisia-gentileschi.webp\"><\/a><br>\r\n<\/div>\r\n<h2 class=\"qem_title\"><a href=\"http:\/\/artsetculture.fr\/index.php\/event\/brancusi-2-3-2-2\/\">ARTEMISIA, HEROINE DE L'ART<\/a><\/h2><p class=\"desc\" style=\"font-weight: bold; font-style: italic; font-size: 100%; \" > <\/p><p class=\"location\" style=\"font-weight: bold; font-style: italic; color: #dd3333; font-size: 90%; \" >Mus\u00e9e Jacquemart Andr\u00e9<\/p><p class=\"organisation\" style=\"font-weight: bold; color: #021ed6; font-size: 100%; \" >Conf\u00e9renci\u00e8re du Mus\u00e9e<\/p><div style=\"clear:both\"><\/div><\/div><\/div>\r\n<div class=\"qem \"><div class=\"qem-icon\"><div class=\"qem-calendar-small\" style=\"margin:0 6px 8px 0;\"><span class=\"day\" >11<\/span><span class=\"nonday\" ><span class=\"month\"><b><em>Mar<\/em><\/b><\/span><span class=\"year\">2025<\/span><\/span><\/div><\/div><div class=\"qem-small\"><div class=\"qemlistright\">\r\n<a href=\"http:\/\/artsetculture.fr\/index.php\/event\/brancusi-2-3-2-3\/\"><img decoding=\"async\" class=\"qem-list-image\" src=\"http:\/\/artsetculture.fr\/wp-content\/uploads\/2025\/02\/dsc01330-1.jpg\"><\/a><br>\r\n<\/div>\r\n<h2 class=\"qem_title\"><a href=\"http:\/\/artsetculture.fr\/index.php\/event\/brancusi-2-3-2-3\/\">STREET ART A LA BUTTE AUX CAILLES<\/a><\/h2><p class=\"desc\" style=\"font-weight: bold; font-style: italic; font-size: 100%; \" > <\/p><p class=\"organisation\" style=\"font-weight: bold; color: #021ed6; font-size: 100%; \" >Mr Hemmler<\/p><div style=\"clear:both\"><\/div><\/div><\/div>\r\n<h2>f\u00e9vrier 2025<\/h2><div class=\"qem \"><div class=\"qem-icon\"><div class=\"qem-calendar-small\" style=\"margin:0 6px 8px 0;\"><span class=\"day\" >10<\/span><span class=\"nonday\" ><span class=\"month\"><b><em>F\u00e9v<\/em><\/b><\/span><span class=\"year\">2025<\/span><\/span><\/div><\/div><div class=\"qem-small\"><div class=\"qemlistright\">\r\n<a href=\"http:\/\/artsetculture.fr\/index.php\/event\/brancusi-2-2\/\"><img decoding=\"async\" class=\"qem-list-image\" src=\"http:\/\/artsetculture.fr\/wp-content\/uploads\/2023\/07\/Nadia-Leger79771d41fd8a4f592c3e42902097cd-Copie.png\"><\/a><br>\r\n<\/div>\r\n<h2 class=\"qem_title\"><a href=\"http:\/\/artsetculture.fr\/index.php\/event\/brancusi-2-2\/\">Nadia L\u00e9ger, une femme d'avant-garde<\/a><\/h2><p class=\"desc\" style=\"font-weight: bold; font-style: italic; font-size: 100%; \" >  <\/p><p class=\"location\" style=\"font-weight: bold; font-style: italic; color: #dd3333; font-size: 90%; \" >Mus\u00e9e Maillol<\/p><p class=\"organisation\" style=\"font-weight: bold; color: #021ed6; font-size: 100%; \" >Fran\u00e7oise Gagliano<\/p><div style=\"clear:both\"><\/div><\/div><\/div>\r\n<h2>janvier 2025<\/h2><div class=\"qem \"><div class=\"qem-icon\"><div class=\"qem-calendar-small\" style=\"margin:0 6px 8px 0;\"><span class=\"day\" >20<\/span><span class=\"nonday\" ><span class=\"month\"><b><em>Jan<\/em><\/b><\/span><span class=\"year\">2025<\/span><\/span><\/div><\/div><div class=\"qem-small\"><div class=\"qemlistright\">\r\n<a href=\"http:\/\/artsetculture.fr\/index.php\/event\/brancusi-2-3\/\"><img decoding=\"async\" class=\"qem-list-image\" src=\"http:\/\/artsetculture.fr\/wp-content\/uploads\/2024\/11\/Tarsila-do-Amaral-download-002.jpg\"><\/a><br>\r\n<\/div>\r\n<h2 class=\"qem_title\"><a href=\"http:\/\/artsetculture.fr\/index.php\/event\/brancusi-2-3\/\">Tarsila Do Amaral - peindre le Br\u00e9sil moderne<\/a><\/h2><p class=\"desc\" style=\"font-weight: bold; font-style: italic; font-size: 100%; \" > <\/p><p class=\"location\" style=\"font-weight: bold; font-style: italic; color: #dd3333; font-size: 90%; \" >Mus\u00e9e du Luxembourg<\/p><p class=\"organisation\" style=\"font-weight: bold; color: #021ed6; font-size: 100%; \" >Fran\u00e7oise Gagliano<\/p><div style=\"clear:both\"><\/div><\/div><\/div>\r\n<h2>d\u00e9cembre 2024<\/h2><div class=\"qem \"><div class=\"qem-icon\"><div class=\"qem-calendar-small\" style=\"margin:0 6px 8px 0;\"><span class=\"day\" >10<\/span><span class=\"nonday\" ><span class=\"month\"><b><em>D\u00e9c<\/em><\/b><\/span><span class=\"year\">2024<\/span><\/span><\/div><\/div><div class=\"qem-small\"><h2 class=\"qem_title\"><a href=\"http:\/\/artsetculture.fr\/index.php\/event\/metro-le-grand-paris-en-mouvement-3\/\">LE TROMPE L'OEIL DE 1520 A NOS JOURS<\/a><\/h2><p class=\"location\" style=\"font-weight: bold; font-style: italic; color: #dd3333; font-size: 90%; \" >Mus\u00e9e Marmottan Monet<\/p><p class=\"organisation\" style=\"font-weight: bold; color: #021ed6; font-size: 100%; \" >Fran\u00e7oise Gagliano<\/p><div style=\"clear:both\"><\/div><\/div><\/div>\r\n<h2>octobre 2024<\/h2><div class=\"qem \"><div class=\"qem-icon\"><div class=\"qem-calendar-small\" style=\"margin:0 6px 8px 0;\"><span class=\"day\" >18<\/span><span class=\"nonday\" ><span class=\"month\"><b><em>Oct<\/em><\/b><\/span><span class=\"year\">2024<\/span><\/span><\/div><\/div><div class=\"qem-small\"><h2 class=\"qem_title\"><a href=\"http:\/\/artsetculture.fr\/index.php\/event\/paris-savant-4\/\">LES LIEUX DE POUVOIR A PARIS<\/a><\/h2><p class=\"organisation\" style=\"font-weight: bold; color: #021ed6; font-size: 100%; \" >Patrick Hemmler<\/p><div style=\"clear:both\"><\/div><\/div><\/div>\r\n<div class=\"qem \"><div class=\"qem-icon\"><div class=\"qem-calendar-small\" style=\"margin:0 6px 8px 0;\"><span class=\"day\" >11<\/span><span class=\"nonday\" ><span class=\"month\"><b><em>Oct<\/em><\/b><\/span><span class=\"year\">2024<\/span><\/span><\/div><\/div><div class=\"qem-small\"><h2 class=\"qem_title\"><a href=\"http:\/\/artsetculture.fr\/index.php\/event\/paris-savant-3\/\">LES LIEUX DE POUVOIR A PARIS<\/a><\/h2><p class=\"organisation\" style=\"font-weight: bold; color: #021ed6; font-size: 100%; \" >Patrick Hemmler<\/p><div style=\"clear:both\"><\/div><\/div><\/div>\r\n<h2>septembre 2024<\/h2><div class=\"qem \"><div class=\"qem-icon\"><div class=\"qem-calendar-small\" style=\"margin:0 6px 8px 0;\"><span class=\"day\" >25<\/span><span class=\"nonday\" ><span class=\"month\"><b><em>Sep<\/em><\/b><\/span><span class=\"year\">2024<\/span><\/span><\/div><\/div><div class=\"qem-small\"><div class=\"qemlistright\">\r\n<a href=\"http:\/\/artsetculture.fr\/index.php\/event\/brancusi-2\/\"><img decoding=\"async\" class=\"qem-list-image\" src=\"http:\/\/artsetculture.fr\/wp-content\/uploads\/2024\/06\/Grands-magasins-1.jpg\"><\/a><br>\r\n<\/div>\r\n<h2 class=\"qem_title\"><a href=\"http:\/\/artsetculture.fr\/index.php\/event\/brancusi-2\/\">LA NAISSANCE DES GRANDS MAGASINS<\/a><\/h2><p class=\"location\" style=\"font-weight: bold; font-style: italic; color: #dd3333; font-size: 90%; \" >Mus\u00e9e des Arts D\u00e9coratifs<\/p><p class=\"organisation\" style=\"font-weight: bold; color: #021ed6; font-size: 100%; \" >Fran\u00e7oise Gagliano<\/p><div style=\"clear:both\"><\/div><\/div><\/div>\r\n<div class=\"qem \"><div class=\"qem-icon\"><div class=\"qem-calendar-small\" style=\"margin:0 6px 8px 0;\"><span class=\"day\" >13<\/span><span class=\"nonday\" ><span class=\"month\"><b><em>Sep<\/em><\/b><\/span><span class=\"year\">2024<\/span><\/span><\/div><\/div><div class=\"qem-small\"><h2 class=\"qem_title\"><a href=\"http:\/\/artsetculture.fr\/index.php\/event\/claire-illouz-les-abords-du-paysage-3\/\">CAPPIELLO, CARICATURISTE 1875-1942<\/a><\/h2><p class=\"desc\" style=\"font-weight: bold; font-style: italic; font-size: 100%; \" >Paris \u00e0 la Belle Epoque<\/p><p class=\"location\" style=\"font-weight: bold; font-style: italic; color: #dd3333; font-size: 90%; \" >Mus\u00e9e Senlecq<\/p><p class=\"organisation\" style=\"font-weight: bold; color: #021ed6; font-size: 100%; \" >Arts &amp; Culture<\/p><div style=\"clear:both\"><\/div><\/div><\/div>\r\n<h2>avril 2024<\/h2><div class=\"qem \"><div class=\"qem-icon\"><div class=\"qem-calendar-small\" style=\"margin:0 6px 8px 0;\"><span class=\"day\" >22<\/span><span class=\"nonday\" ><span class=\"month\"><b><em>Avr<\/em><\/b><\/span><span class=\"year\">2024<\/span><\/span><\/div><\/div><div class=\"qem-small\"><div class=\"qemlistright\">\r\n<a href=\"http:\/\/artsetculture.fr\/index.php\/event\/brancusi\/\"><img decoding=\"async\" class=\"qem-list-image\" src=\"http:\/\/artsetculture.fr\/wp-content\/uploads\/2024\/01\/6-Centre-Pompidou-Brancusi.jpg\"><\/a><br>\r\n<\/div>\r\n<h2 class=\"qem_title\"><a href=\"http:\/\/artsetculture.fr\/index.php\/event\/brancusi\/\">BRANCUSI<\/a><\/h2><p class=\"location\" style=\"font-weight: bold; font-style: italic; color: #dd3333; font-size: 90%; \" >Centre Pompidou<\/p><p class=\"organisation\" style=\"font-weight: bold; color: #021ed6; font-size: 100%; \" >Fran\u00e7oise Gagliano<\/p><div style=\"clear:both\"><\/div><\/div><\/div>\r\n<h2>mars 2024<\/h2><div class=\"qem \"><div class=\"qem-icon\"><div class=\"qem-calendar-small\" style=\"margin:0 6px 8px 0;\"><span class=\"day\" >29<\/span><span class=\"nonday\" ><span class=\"month\"><b><em>Mar<\/em><\/b><\/span><span class=\"year\">2024<\/span><\/span><\/div><\/div><div class=\"qem-small\"><div class=\"qemlistright\">\r\n<a href=\"http:\/\/artsetculture.fr\/index.php\/event\/paris-savant\/\"><img decoding=\"async\" class=\"qem-list-image\" src=\"http:\/\/artsetculture.fr\/wp-content\/uploads\/2024\/01\/5-Paris-savant-place-du-pantheon-002.jpg\"><\/a><br>\r\n<\/div>\r\n<h2 class=\"qem_title\"><a href=\"http:\/\/artsetculture.fr\/index.php\/event\/paris-savant\/\">PARIS SAVANT<\/a><\/h2><p class=\"organisation\" style=\"font-weight: bold; color: #021ed6; font-size: 100%; \" >Patrick Hemmler<\/p><div style=\"clear:both\"><\/div><\/div><\/div>\r\n<div class=\"qem \"><div class=\"qem-icon\"><div class=\"qem-calendar-small\" style=\"margin:0 6px 8px 0;\"><span class=\"day\" >26<\/span><span class=\"nonday\" ><span class=\"month\"><b><em>Mar<\/em><\/b><\/span><span class=\"year\">2024<\/span><\/span><\/div><\/div><div class=\"qem-small\"><div class=\"qemlistright\">\r\n<a href=\"http:\/\/artsetculture.fr\/index.php\/event\/paris-savant-2\/\"><img decoding=\"async\" class=\"qem-list-image\" src=\"http:\/\/artsetculture.fr\/wp-content\/uploads\/2024\/01\/5-Paris-savant-place-du-pantheon-002.jpg\"><\/a><br>\r\n<\/div>\r\n<h2 class=\"qem_title\"><a href=\"http:\/\/artsetculture.fr\/index.php\/event\/paris-savant-2\/\">PARIS SAVANT<\/a><\/h2><p class=\"organisation\" style=\"font-weight: bold; color: #021ed6; font-size: 100%; \" >Patrick Hemmler<\/p><div style=\"clear:both\"><\/div><\/div><\/div>\r\n<div class=\"qem \"><div class=\"qem-icon\"><div class=\"qem-calendar-small\" style=\"margin:0 6px 8px 0;\"><span class=\"day\" >06<\/span><span class=\"nonday\" ><span class=\"month\"><b><em>Mar<\/em><\/b><\/span><span class=\"year\">2024<\/span><\/span><\/div><\/div><div class=\"qem-small\"><div class=\"qemlistright\">\r\n<a href=\"http:\/\/artsetculture.fr\/index.php\/event\/metro-le-grand-paris-en-mouvement\/\"><img decoding=\"async\" class=\"qem-list-image\" src=\"http:\/\/artsetculture.fr\/wp-content\/uploads\/2024\/01\/2-Musee-architecture-Metro.jpg\"><\/a><br>\r\n<\/div>\r\n<h2 class=\"qem_title\"><a href=\"http:\/\/artsetculture.fr\/index.php\/event\/metro-le-grand-paris-en-mouvement\/\">METRO, LE GRAND PARIS EN MOUVEMENT<\/a><\/h2><p class=\"location\" style=\"font-weight: bold; font-style: italic; color: #dd3333; font-size: 90%; \" >Cit\u00e9 de l' Architecture et du Patrimoine<\/p><p class=\"organisation\" style=\"font-weight: bold; color: #021ed6; font-size: 100%; \" >Fran\u00e7oise Gagliano<\/p><div style=\"clear:both\"><\/div><\/div><\/div>\r\n<h2>f\u00e9vrier 2024<\/h2><div class=\"qem \"><div class=\"qem-icon\"><div class=\"qem-calendar-small\" style=\"margin:0 6px 8px 0;\"><span class=\"day\" >28<\/span><span class=\"nonday\" ><span class=\"month\"><b><em>F\u00e9v<\/em><\/b><\/span><span class=\"year\">2024<\/span><\/span><\/div><\/div><div class=\"qem-small\"><div class=\"qemlistright\">\r\n<a href=\"http:\/\/artsetculture.fr\/index.php\/event\/chana-orloff-sculpter-lepoque\/\"><img decoding=\"async\" class=\"qem-list-image\" src=\"http:\/\/artsetculture.fr\/wp-content\/uploads\/2024\/01\/chana_orloff_maternite_1951.webp\"><\/a><br>\r\n<\/div>\r\n<h2 class=\"qem_title\"><a href=\"http:\/\/artsetculture.fr\/index.php\/event\/chana-orloff-sculpter-lepoque\/\">CHANA ORLOFF - Sculpter l'\u00e9poque<\/a><\/h2><p class=\"location\" style=\"font-weight: bold; font-style: italic; color: #dd3333; font-size: 90%; \" >Mus\u00e9e Zadkine<\/p><p class=\"organisation\" style=\"font-weight: bold; color: #021ed6; font-size: 100%; \" >Fran\u00e7oise Gagliano<\/p><div style=\"clear:both\"><\/div><\/div><\/div>\r\n<h2>janvier 2024<\/h2><div class=\"qem \"><div class=\"qem-icon\"><div class=\"qem-calendar-small\" style=\"margin:0 6px 8px 0;\"><span class=\"day\" >16<\/span><span class=\"nonday\" ><span class=\"month\"><b><em>Jan<\/em><\/b><\/span><span class=\"year\">2024<\/span><\/span><\/div><\/div><div class=\"qem-small\"><div class=\"qemlistright\">\r\n<a href=\"http:\/\/artsetculture.fr\/index.php\/event\/musee-dorsay-2\/\"><img decoding=\"async\" class=\"qem-list-image\" src=\"http:\/\/artsetculture.fr\/wp-content\/uploads\/2023\/08\/Capture-decran-2023-08-31-144528.png\"><\/a><br>\r\n<\/div>\r\n<h2 class=\"qem_title\"><a href=\"http:\/\/artsetculture.fr\/index.php\/event\/musee-dorsay-2\/\">A TOI DE FAIRE, MA MIGNONNE<\/a><\/h2><p class=\"desc\" style=\"font-weight: bold; font-style: italic; font-size: 100%; \" >Sophie Calle \"A toi de faire, ma mignonne\"<\/p><p class=\"location\" style=\"font-weight: bold; font-style: italic; color: #dd3333; font-size: 90%; \" >Mus\u00e9e Picasso<\/p><p class=\"organisation\" style=\"font-weight: bold; color: #021ed6; font-size: 100%; \" >Fran\u00e7oise Gagliano<\/p><div style=\"clear:both\"><\/div><\/div><\/div>\r\n<h2>d\u00e9cembre 2023<\/h2><div class=\"qem \"><div class=\"qem-icon\"><div class=\"qem-calendar-small\" style=\"margin:0 6px 8px 0;\"><span class=\"day\" >06<\/span><span class=\"nonday\" ><span class=\"month\"><b><em>D\u00e9c<\/em><\/b><\/span><span class=\"year\">2023<\/span><\/span><\/div><\/div><div class=\"qem-small\"><div class=\"qemlistright\">\r\n<a href=\"http:\/\/artsetculture.fr\/index.php\/event\/musee-de-la-chasse-et-de-la-nature-ab-2-3-4-2\/\"><img decoding=\"async\" class=\"qem-list-image\" src=\"http:\/\/artsetculture.fr\/wp-content\/uploads\/2023\/07\/restricted-003.jpg\"><\/a><br>\r\n<\/div>\r\n<h2 class=\"qem_title\"><a href=\"http:\/\/artsetculture.fr\/index.php\/event\/musee-de-la-chasse-et-de-la-nature-ab-2-3-4-2\/\">Gertrude STEIN ET PABLO PICASSO<\/a><\/h2><p class=\"desc\" style=\"font-weight: bold; font-style: italic; font-size: 100%; \" >L'invention du langage, complicit\u00e9 et inventivit\u00e9<\/p><p class=\"location\" style=\"font-weight: bold; font-style: italic; color: #dd3333; font-size: 90%; \" >Mus\u00e9e  du Luxembourg<\/p><p class=\"organisation\" style=\"font-weight: bold; color: #021ed6; font-size: 100%; \" >Fran\u00e7oise Gagliano<\/p><div style=\"clear:both\"><\/div><\/div><\/div>\r\n<h2>novembre 2023<\/h2><div class=\"qem \"><div class=\"qem-icon\"><div class=\"qem-calendar-small\" style=\"margin:0 6px 8px 0;\"><span class=\"day\" >15<\/span><span class=\"nonday\" ><span class=\"month\"><b><em>Nov<\/em><\/b><\/span><span class=\"year\">2023<\/span><\/span><\/div><\/div><div class=\"qem-small\"><div class=\"qemlistright\">\r\n<a href=\"http:\/\/artsetculture.fr\/index.php\/event\/musee-dorsay-2-2\/\"><img decoding=\"async\" class=\"qem-list-image\" src=\"http:\/\/artsetculture.fr\/wp-content\/uploads\/2023\/10\/Modigliani_Paul_Guillaume.jpg\"><\/a><br>\r\n<\/div>\r\n<h2 class=\"qem_title\"><a href=\"http:\/\/artsetculture.fr\/index.php\/event\/musee-dorsay-2-2\/\">MUSEE DE L'ORANGERIE<\/a><\/h2><p class=\"desc\" style=\"font-weight: bold; font-style: italic; font-size: 100%; \" >Collections permanentes - Modigliani<\/p><p class=\"location\" style=\"font-weight: bold; font-style: italic; color: #dd3333; font-size: 90%; \" >Mus\u00e9e de l'Orangerie<\/p><p class=\"organisation\" style=\"font-weight: bold; color: #021ed6; font-size: 100%; \" >Fran\u00e7oise Gagliano<\/p><div style=\"clear:both\"><\/div><\/div><\/div>\r\n<h2>octobre 2023<\/h2><div class=\"qem \"><div class=\"qem-icon\"><div class=\"qem-calendar-small\" style=\"margin:0 6px 8px 0;\"><span class=\"day\" >18<\/span><span class=\"nonday\" ><span class=\"month\"><b><em>Oct<\/em><\/b><\/span><span class=\"year\">2023<\/span><\/span><\/div><\/div><div class=\"qem-small\"><div class=\"qemlistright\">\r\n<a href=\"http:\/\/artsetculture.fr\/index.php\/event\/musee-dorsay\/\"><img decoding=\"async\" class=\"qem-list-image\" src=\"http:\/\/artsetculture.fr\/wp-content\/uploads\/2023\/07\/cda_actu_2019_hs_focus_autoportrait_van_gogh_ok-tt-width-1200-height-900-fill-0-crop-1-bgcolor-ffffff.jpg\"><\/a><br>\r\n<\/div>\r\n<h2 class=\"qem_title\"><a href=\"http:\/\/artsetculture.fr\/index.php\/event\/musee-dorsay\/\">VAN GOGH A AUVERS SUR OISE, LES DERNIERS MOIS<\/a><\/h2><p class=\"desc\" style=\"font-weight: bold; font-style: italic; font-size: 100%; \" >Van Gogh \u00e0 Auvers sur Oise, les derniers mois<\/p><p class=\"location\" style=\"font-weight: bold; font-style: italic; color: #dd3333; font-size: 90%; \" >Mus\u00e9e d'Orsay<\/p><p class=\"organisation\" style=\"font-weight: bold; color: #021ed6; font-size: 100%; \" >Fran\u00e7oise Gagliano et une autre conf\u00e9renci\u00e8re<\/p><div style=\"clear:both\"><\/div><\/div><\/div>\r\n\n<p><span style=\"color: #ff0000;\"><em><strong>Pour les visites ant\u00e9rieures, voir \u00ab\u00a0Historique\u00a0\u00bb<\/strong><\/em><\/span><\/p>\n","protected":false},"excerpt":{"rendered":"<p>Cliquez sur le titre de la visite pour plus d&rsquo;informations Pour les visites ant\u00e9rieures, voir \u00ab\u00a0Historique\u00a0\u00bb<\/p>\n","protected":false},"author":1,"featured_media":0,"parent":1410,"menu_order":1,"comment_status":"closed","ping_status":"closed","template":"","meta":{"footnotes":""},"class_list":["post-2602","page","type-page","status-publish","hentry"],"_links":{"self":[{"href":"http:\/\/artsetculture.fr\/index.php\/wp-json\/wp\/v2\/pages\/2602","targetHints":{"allow":["GET"]}}],"collection":[{"href":"http:\/\/artsetculture.fr\/index.php\/wp-json\/wp\/v2\/pages"}],"about":[{"href":"http:\/\/artsetculture.fr\/index.php\/wp-json\/wp\/v2\/types\/page"}],"author":[{"embeddable":true,"href":"http:\/\/artsetculture.fr\/index.php\/wp-json\/wp\/v2\/users\/1"}],"replies":[{"embeddable":true,"href":"http:\/\/artsetculture.fr\/index.php\/wp-json\/wp\/v2\/comments?post=2602"}],"version-history":[{"count":41,"href":"http:\/\/artsetculture.fr\/index.php\/wp-json\/wp\/v2\/pages\/2602\/revisions"}],"predecessor-version":[{"id":12590,"href":"http:\/\/artsetculture.fr\/index.php\/wp-json\/wp\/v2\/pages\/2602\/revisions\/12590"}],"up":[{"embeddable":true,"href":"http:\/\/artsetculture.fr\/index.php\/wp-json\/wp\/v2\/pages\/1410"}],"wp:attachment":[{"href":"http:\/\/artsetculture.fr\/index.php\/wp-json\/wp\/v2\/media?parent=2602"}],"curies":[{"name":"wp","href":"https:\/\/api.w.org\/{rel}","templated":true}]}}