{"id":2522,"date":"2016-04-17T16:08:36","date_gmt":"2016-04-17T15:08:36","guid":{"rendered":"http:\/\/artsetculture.fr\/?page_id=2522"},"modified":"2023-03-19T15:02:51","modified_gmt":"2023-03-19T14:02:51","slug":"conferences","status":"publish","type":"page","link":"http:\/\/artsetculture.fr\/index.php\/activites1\/conferences\/","title":{"rendered":"Conf\u00e9rences"},"content":{"rendered":"\n<p class=\"has-text-align-center\"><em><strong>Les conf\u00e9rences se tiennent tous les jeudis matin, hors vacances scolaires, \u00e0 la Maison de l&rsquo;Amiti\u00e9 \u00e0 L&rsquo;Isle-Adam. &nbsp;<\/strong><\/em><\/p>\n\n\n\n<p class=\"has-text-align-center\"><em><strong><span style=\"color: #008000;\"><a href=\"http:\/\/artsetculture.fr\/index.php\/infos-pratiques-2\/conditions\/\">Voir Infos pratiques<\/a><\/span><\/strong><\/em><\/p>\n\n\n\n<p class=\"has-text-align-center\"><em><strong><span style=\"color: #ffffff;\">&nbsp;<\/span><span style=\"color: #ff0000;\">Il n&rsquo;est pas n\u00e9cessaire de r\u00e9server.<\/span><\/strong><\/em><br><em><strong><span style=\"color: #ff0000;\">Cliquez sur le titre pour un r\u00e9sum\u00e9 de la conf\u00e9rence.<\/span> <span style=\"color: #ffffff;\">&nbsp;<\/span><\/strong><\/em><\/p>\n\n\n\n<hr class=\"wp-block-separator has-alpha-channel-opacity\"\/>\n\n\n<h2><\/h2>\n\n\n\n<p><span style=\"color: #ffffff;\">_______&nbsp; &nbsp; &nbsp; &nbsp; &nbsp; &nbsp; &nbsp; &nbsp; &nbsp; &nbsp; &nbsp; &nbsp; &nbsp;_________________________________________________________________<\/span><\/p>\n\n\n\n<p><\/p>\n","protected":false},"excerpt":{"rendered":"<p>Les conf\u00e9rences se tiennent tous les jeudis matin, hors vacances scolaires, \u00e0 la Maison de l&rsquo;Amiti\u00e9 \u00e0 L&rsquo;Isle-Adam. &nbsp; Voir Infos pratiques &nbsp;Il n&rsquo;est pas n\u00e9cessaire de r\u00e9server.Cliquez sur le titre pour un r\u00e9sum\u00e9 de la conf\u00e9rence. &nbsp; _______&nbsp; &nbsp; &nbsp; &nbsp; &nbsp; &nbsp; &nbsp; &nbsp; &nbsp; &nbsp; &nbsp; &nbsp; &nbsp;_________________________________________________________________<\/p>\n","protected":false},"author":1,"featured_media":0,"parent":6655,"menu_order":3,"comment_status":"closed","ping_status":"closed","template":"","meta":{"footnotes":""},"class_list":["post-2522","page","type-page","status-publish","hentry"],"_links":{"self":[{"href":"http:\/\/artsetculture.fr\/index.php\/wp-json\/wp\/v2\/pages\/2522","targetHints":{"allow":["GET"]}}],"collection":[{"href":"http:\/\/artsetculture.fr\/index.php\/wp-json\/wp\/v2\/pages"}],"about":[{"href":"http:\/\/artsetculture.fr\/index.php\/wp-json\/wp\/v2\/types\/page"}],"author":[{"embeddable":true,"href":"http:\/\/artsetculture.fr\/index.php\/wp-json\/wp\/v2\/users\/1"}],"replies":[{"embeddable":true,"href":"http:\/\/artsetculture.fr\/index.php\/wp-json\/wp\/v2\/comments?post=2522"}],"version-history":[{"count":123,"href":"http:\/\/artsetculture.fr\/index.php\/wp-json\/wp\/v2\/pages\/2522\/revisions"}],"predecessor-version":[{"id":12624,"href":"http:\/\/artsetculture.fr\/index.php\/wp-json\/wp\/v2\/pages\/2522\/revisions\/12624"}],"up":[{"embeddable":true,"href":"http:\/\/artsetculture.fr\/index.php\/wp-json\/wp\/v2\/pages\/6655"}],"wp:attachment":[{"href":"http:\/\/artsetculture.fr\/index.php\/wp-json\/wp\/v2\/media?parent=2522"}],"curies":[{"name":"wp","href":"https:\/\/api.w.org\/{rel}","templated":true}]}}