{"id":146,"date":"2016-01-28T00:40:24","date_gmt":"2016-01-27T23:40:24","guid":{"rendered":"http:\/\/artsetculture.fr\/?page_id=146"},"modified":"2025-07-27T16:35:49","modified_gmt":"2025-07-27T15:35:49","slug":"adhesion","status":"publish","type":"page","link":"http:\/\/artsetculture.fr\/index.php\/infos-pratiques\/adhesion\/","title":{"rendered":"Adh\u00e9sions"},"content":{"rendered":"<p style=\"text-align: justify;\"><a href=\"http:\/\/artsetculture.fr\/index.php\/event\/demande-dinformations\/\"><img loading=\"lazy\" decoding=\"async\" class=\"alignright wp-image-3402\" src=\"http:\/\/artsetculture.fr\/wp-content\/uploads\/2016\/01\/information-C3-262x300.jpg\" alt=\"information-C3\" width=\"98\" height=\"112\" srcset=\"http:\/\/artsetculture.fr\/wp-content\/uploads\/2016\/01\/information-C3-262x300.jpg 262w, http:\/\/artsetculture.fr\/wp-content\/uploads\/2016\/01\/information-C3.jpg 462w\" sizes=\"auto, (max-width: 98px) 100vw, 98px\" \/><\/a><span style=\"color: #000000;\">Pour participer \u00e0 nos diff\u00e9rentes activit\u00e9s, vo<\/span>us devez \u00eatre membre de l&rsquo;<span style=\"color: #0000ff;\"><em><strong>Association\u00a0 Arts et Culture.<\/strong><\/em><\/span><\/p>\n<p style=\"text-align: justify;\"><span style=\"color: #0000ff;\"><em><strong>Adh\u00e9sion annuelle individuelle :\u00a0 17 \u20ac \u00a0 \u00a0 \u00a0 \u00a0 \u00a0 \u00a0 \u00a0 \u00a0 \u00a0 \u00a0 \u00a0 \u00a0 \u00a0 \u00a0 \u00a0 \u00a0 Adh\u00e9sion annuelle <\/strong><\/em><\/span><em><strong><span style=\"color: #0000ff;\">couple :\u00a0 28 \u20ac \u00a0<\/span><\/strong><\/em><\/p>\n<p style=\"text-align: justify;\">Voici votre <strong>bulletin d&rsquo;inscription<\/strong>. <span style=\"color: #ffffff;\">____________\u00a0 \u00a0 \u00a0<\/span> Il est t\u00e9l\u00e9chargeable afin que vous puissiez le remplir et nous le renvoyer ou nous le remettre accompagn\u00e9 de votre paiement.\u00a0 \u00a0<span style=\"color: #ffffff;\">&#8212;<\/span><\/p>\n<p class=\"alignnone\" style=\"text-align: left;\"><span style=\"color: #ff0000;\"><em><strong>Pour l&rsquo;imprimer, cliquez sur le lien suivant :\u00a0<\/strong><\/em><\/span><span style=\"color: #ff0000;\"><em><strong><a href=\"http:\/\/artsetculture.fr\/wp-content\/uploads\/2025\/07\/Bulletin-inscription-2025-2026.doc\" target=\"_blank\" rel=\"noopener\">Bulletin inscription 2025-2026<\/a>\u00a0 \u00a0 \u00a0 \u00a0 \u00a0 \u00a0<span style=\"color: #ffffff;\">______________________________________________<\/span><\/strong><\/em><\/span><\/p>\n<p style=\"text-align: justify;\">Si vous ne connaissez pas encore<span style=\"color: #ffffff;\">_<\/span> <span style=\"color: #0000ff;\"><em><strong>Arts &amp; Culture<\/strong><\/em><\/span>, <span style=\"color: #000000;\"><span style=\"color: #0000ff;\"><strong><em>venez assister, sans engagement, \u00e0 l&rsquo;une de nos conf\u00e9rences du jeudi matin \u00e0 9 heures 30 \u00e0 la Maison de l&rsquo;Amiti\u00e9 \u00e0 L&rsquo;Isle-Adam<\/em><\/strong><\/span><span style=\"color: #ff0000;\">, <span style=\"color: #ffffff;\">________________________<\/span><\/span><\/span><span style=\"color: #ffffff;\">\u00a0<\/span><\/p>\n<p style=\"text-align: justify;\"><span style=\"color: #0000ff;\"><span style=\"color: #333333;\">Nous vous y accueillerons avec grand plaisir <\/span><em><strong>\u00a0<\/strong><\/em><\/span><em><strong><a href=\"http:\/\/artsetculture.fr\/index.php\/infos-pratiques-2\/conditions\/\">(Voir Infos pratiques)<\/a>.<\/strong><\/em><\/p>\n<p><span style=\"color: #ffffff;\"><a style=\"color: #ffffff;\" href=\"http:\/\/artsetculture.fr\/wp-content\/uploads\/2016\/01\/Bulletin-inscription-2017-18-336.pdf\">Bulletin inscription 2017-18-336<\/a><\/span><\/p>\n<p><em><strong>\u00a0 \u00a0 \u00a0 \u00a0 \u00a0 \u00a0 \u00a0 \u00a0 \u00a0 \u00a0<a href=\"https:\/\/artsetculture.fr\/index.php\/activites1\/programme-de-la-saison\/\">Programme de la saison<\/a>\u00a0 \u00a0 \u00a0 \u00a0 \u00a0 \u00a0 \u00a0 \u00a0 \u00a0 \u00a0 \u00a0\u00a0<\/strong><\/em><a href=\"http:\/\/artsetculture.fr\/index.php\/activites\/conferences\/\"><em><strong>Conf\u00e9rences<\/strong><\/em><\/a><\/p>\n<p><em><strong>\u00a0 \u00a0 \u00a0 \u00a0 \u00a0 \u00a0 \u00a0 \u00a0 \u00a0 \u00a0<a href=\"http:\/\/artsetculture.fr\/index.php\/infos-pratiques-2\/conditions\/\">Informations pratiques\u00a0<\/a> \u00a0 \u00a0 \u00a0 \u00a0 \u00a0 \u00a0 \u00a0\u00a0<a href=\"http:\/\/artsetculture.fr\/index.php\/inscriptions\/\">Inscriptions aux visites<\/a><\/strong><\/em><\/p>\n<h4 style=\"text-align: center;\"><a href=\"mailto:contact@artsetculture.fr\"><em><strong><span style=\"color: #0000ff;\">contact@artsetculture.fr<\/span><\/strong><\/em><\/a><\/h4>\n<h1><a href=\"http:\/\/artsetculture.fr\/index.php\/infos-pratiques\/adhesion\/\"><em><strong>\u00a0 \u00a0\u00a0<\/strong><\/em><strong>\u00a0 \u00a0 \u00a0 \u00a0 \u00a0 \u00a0 \u00a0 \u00a0 \u00a0 \u00a0 \u00a0 \u00a0 \u00a0 \u00a0 \u00a0 \u00a0 \u00a0 \u00a0 \u00a0 \u00a0 \u00a0 \u00a0 \u00a0 \u00a0 \u00a0 \u00a0 \u00a0 \u00a0 \u00a0 \u00a0 \u00a0 \u00a0 \u00a0 \u00a0 \u00a0 \u00a0 \u00a0 \u00a0 \u00a0 \u00a0 \u00a0 \u21d1<\/strong><\/a><\/h1>\n<h1 style=\"text-align: left;\"><strong>\u00a0<\/strong><\/h1>\n","protected":false},"excerpt":{"rendered":"<p>Pour participer \u00e0 nos diff\u00e9rentes activit\u00e9s, vous devez \u00eatre membre de l&rsquo;Association\u00a0 Arts et Culture. Adh\u00e9sion annuelle individuelle :\u00a0 17 \u20ac \u00a0 \u00a0 \u00a0 \u00a0 \u00a0 \u00a0 \u00a0 \u00a0 \u00a0 \u00a0 \u00a0 \u00a0 \u00a0 \u00a0 \u00a0 \u00a0 Adh\u00e9sion annuelle couple :\u00a0 28 \u20ac \u00a0 Voici votre bulletin d&rsquo;inscription. ____________\u00a0 \u00a0 \u00a0 Il est t\u00e9l\u00e9chargeable afin &hellip; <a href=\"http:\/\/artsetculture.fr\/index.php\/infos-pratiques\/adhesion\/\" class=\"more-link\">Continuer la lecture de <span class=\"screen-reader-text\">Adh\u00e9sions<\/span>  <span class=\"meta-nav\">&rarr;<\/span><\/a><\/p>\n","protected":false},"author":1,"featured_media":0,"parent":1043,"menu_order":3,"comment_status":"closed","ping_status":"closed","template":"","meta":{"footnotes":""},"class_list":["post-146","page","type-page","status-publish","hentry"],"_links":{"self":[{"href":"http:\/\/artsetculture.fr\/index.php\/wp-json\/wp\/v2\/pages\/146","targetHints":{"allow":["GET"]}}],"collection":[{"href":"http:\/\/artsetculture.fr\/index.php\/wp-json\/wp\/v2\/pages"}],"about":[{"href":"http:\/\/artsetculture.fr\/index.php\/wp-json\/wp\/v2\/types\/page"}],"author":[{"embeddable":true,"href":"http:\/\/artsetculture.fr\/index.php\/wp-json\/wp\/v2\/users\/1"}],"replies":[{"embeddable":true,"href":"http:\/\/artsetculture.fr\/index.php\/wp-json\/wp\/v2\/comments?post=146"}],"version-history":[{"count":128,"href":"http:\/\/artsetculture.fr\/index.php\/wp-json\/wp\/v2\/pages\/146\/revisions"}],"predecessor-version":[{"id":13736,"href":"http:\/\/artsetculture.fr\/index.php\/wp-json\/wp\/v2\/pages\/146\/revisions\/13736"}],"up":[{"embeddable":true,"href":"http:\/\/artsetculture.fr\/index.php\/wp-json\/wp\/v2\/pages\/1043"}],"wp:attachment":[{"href":"http:\/\/artsetculture.fr\/index.php\/wp-json\/wp\/v2\/media?parent=146"}],"curies":[{"name":"wp","href":"https:\/\/api.w.org\/{rel}","templated":true}]}}