{"id":1410,"date":"2016-02-12T18:35:14","date_gmt":"2016-02-12T17:35:14","guid":{"rendered":"http:\/\/artsetculture.fr\/?page_id=1410"},"modified":"2024-02-04T11:55:58","modified_gmt":"2024-02-04T10:55:58","slug":"visites","status":"publish","type":"page","link":"http:\/\/artsetculture.fr\/index.php\/activites1\/visites\/","title":{"rendered":"Visites-Mus\u00e9es-Expositions"},"content":{"rendered":"<p><span style=\"color: #000000;\"><strong class=\"alignnone\">Pour r\u00e9server votre visite<\/strong><strong class=\"alignnone\">:\u00a0\u00a0cliquez sur le titre de la visite puis remplissez<\/strong>\u00a0<strong class=\"alignnone\">le bulletin d&rsquo;inscription.<\/strong> <\/span><\/p>\n<p style=\"text-align: justify;\"><span style=\"color: #ff0000;\"><strong><u>Recommandation importante<\/u>:<br \/>\n<\/strong>Nous demandons aux adh\u00e9rents\u00a0qui s&rsquo;inscrivent\u00a0aux visites de bien vouloir <span style=\"text-decoration: underline;\"><strong>nous pr\u00e9venir s&rsquo;ils ne peuvent pas venir<\/strong><\/span>\u00a0( site, tel, S M S, mail )\u00a0 afin que d&rsquo;autres adh\u00e9rents\u00a0sur liste d\u2019attente puissent participer.\u00a0 Il_arrive encore trop souvent qu\u2019au d\u00e9part du car, nous constations que le nombre de personnes autoris\u00e9es par les mus\u00e9es n&rsquo;est pas atteint alors qu&rsquo;il reste en liste d&rsquo;attente, des adh\u00e9rents int\u00e9ress\u00e9s que nous n&rsquo;avons pas pu alerter faute d\u2019information.<br \/>\n<em>Merci\u00a0de votre compr\u00e9hension.<\/em><\/span><\/p>\n<p><span style=\"color: #333333;\"><h2>mai 2026<\/h2><div class=\"qem \"><div class=\"qem-icon\"><div class=\"qem-calendar-small\" style=\"margin:0 6px 8px 0;\"><span class=\"day\" >26<\/span><span class=\"nonday\" ><span class=\"month\"><b><em>Mai<\/em><\/b><\/span><span class=\"year\">2026<\/span><\/span><\/div><\/div><div class=\"qem-small\"><div class=\"qemlistright\">\r\n<a href=\"http:\/\/artsetculture.fr\/index.php\/event\/brancusi-2-3-3-3-2\/\"><img decoding=\"async\" class=\"qem-list-image\" src=\"http:\/\/artsetculture.fr\/wp-content\/uploads\/2026\/01\/Matisse-260128.jpg\"><\/a><br>\r\n<\/div>\r\n<h2 class=\"qem_title\"><a href=\"http:\/\/artsetculture.fr\/index.php\/event\/brancusi-2-3-3-3-2\/\">MATISSE<\/a><\/h2><p class=\"desc\" style=\"font-weight: bold; font-style: italic; font-size: 100%; \" > <\/p><p class=\"location\" style=\"font-weight: bold; font-style: italic; color: #dd3333; font-size: 90%; \" >Grand Palais<\/p><p class=\"organisation\" style=\"font-weight: bold; color: #021ed6; font-size: 100%; \" >Fran\u00e7oise Gagliano<\/p><div style=\"clear:both\"><\/div><\/div><\/div>\r\n<\/span><\/p>\n<p><img loading=\"lazy\" decoding=\"async\" class=\"wp-image-6539 aligncenter\" src=\"http:\/\/artsetculture.fr\/wp-content\/uploads\/2016\/02\/Visites-ENC3-1-300x118.png\" alt=\"Visites-ENC3\" width=\"548\" height=\"215\" srcset=\"http:\/\/artsetculture.fr\/wp-content\/uploads\/2016\/02\/Visites-ENC3-1-300x118.png 300w, http:\/\/artsetculture.fr\/wp-content\/uploads\/2016\/02\/Visites-ENC3-1-768x301.png 768w, http:\/\/artsetculture.fr\/wp-content\/uploads\/2016\/02\/Visites-ENC3-1-1024x402.png 1024w, http:\/\/artsetculture.fr\/wp-content\/uploads\/2016\/02\/Visites-ENC3-1.png 1129w\" sizes=\"auto, (max-width: 548px) 100vw, 548px\" \/><\/p>\n<h4>\u00a0 \u00a0 \u00a0 \u00a0 \u00a0 \u00a0 \u00a0 \u00a0 \u00a0 \u00a0 \u00a0 \u00a0 \u00a0 \u00a0 \u00a0 \u00a0<em><a href=\"mailto:contact@artsetculture.fr\">contact@artsetculture.fr<\/a><\/em><\/h4>\n","protected":false},"excerpt":{"rendered":"<p>Pour r\u00e9server votre visite:\u00a0\u00a0cliquez sur le titre de la visite puis remplissez\u00a0le bulletin d&rsquo;inscription. Recommandation importante: Nous demandons aux adh\u00e9rents\u00a0qui s&rsquo;inscrivent\u00a0aux visites de bien vouloir nous pr\u00e9venir s&rsquo;ils ne peuvent pas venir\u00a0( site, tel, S M S, mail )\u00a0 afin que d&rsquo;autres adh\u00e9rents\u00a0sur liste d\u2019attente puissent participer.\u00a0 Il_arrive encore trop souvent qu\u2019au d\u00e9part du car, &hellip; <a href=\"http:\/\/artsetculture.fr\/index.php\/event\/brancusi-2-3-3-3-2\/\" class=\"more-link\">Continuer la lecture de <span class=\"screen-reader-text\">MATISSE<\/span>  <span class=\"meta-nav\">&rarr;<\/span><\/a><\/p>\n","protected":false},"author":1,"featured_media":0,"parent":6655,"menu_order":4,"comment_status":"closed","ping_status":"closed","template":"","meta":{"footnotes":""},"class_list":["post-1410","page","type-page","status-publish","hentry"],"_links":{"self":[{"href":"http:\/\/artsetculture.fr\/index.php\/wp-json\/wp\/v2\/pages\/1410","targetHints":{"allow":["GET"]}}],"collection":[{"href":"http:\/\/artsetculture.fr\/index.php\/wp-json\/wp\/v2\/pages"}],"about":[{"href":"http:\/\/artsetculture.fr\/index.php\/wp-json\/wp\/v2\/types\/page"}],"author":[{"embeddable":true,"href":"http:\/\/artsetculture.fr\/index.php\/wp-json\/wp\/v2\/users\/1"}],"replies":[{"embeddable":true,"href":"http:\/\/artsetculture.fr\/index.php\/wp-json\/wp\/v2\/comments?post=1410"}],"version-history":[{"count":163,"href":"http:\/\/artsetculture.fr\/index.php\/wp-json\/wp\/v2\/pages\/1410\/revisions"}],"predecessor-version":[{"id":13058,"href":"http:\/\/artsetculture.fr\/index.php\/wp-json\/wp\/v2\/pages\/1410\/revisions\/13058"}],"up":[{"embeddable":true,"href":"http:\/\/artsetculture.fr\/index.php\/wp-json\/wp\/v2\/pages\/6655"}],"wp:attachment":[{"href":"http:\/\/artsetculture.fr\/index.php\/wp-json\/wp\/v2\/media?parent=1410"}],"curies":[{"name":"wp","href":"https:\/\/api.w.org\/{rel}","templated":true}]}}